{"id":1043,"date":"2019-04-18T17:47:36","date_gmt":"2019-04-18T16:47:36","guid":{"rendered":"http:\/\/www.loiseaumonde.com\/?page_id=1043"},"modified":"2025-10-23T14:57:27","modified_gmt":"2025-10-23T13:57:27","slug":"compagnie-3","status":"publish","type":"page","link":"https:\/\/www.loiseaumonde.com\/en\/compagnie-3\/","title":{"rendered":"COMPAGNIE"},"content":{"rendered":"\t\t<div data-elementor-type=\"wp-page\" data-elementor-id=\"1043\" class=\"elementor elementor-1043\">\n\t\t\t\t\t\t<section class=\"elementor-section elementor-top-section elementor-element elementor-element-6370af4e elementor-section-boxed elementor-section-height-default elementor-section-height-default\" data-id=\"6370af4e\" data-element_type=\"section\">\n\t\t\t\t\t\t<div class=\"elementor-container elementor-column-gap-default\">\n\t\t\t\t\t<div class=\"elementor-column elementor-col-100 elementor-top-column elementor-element elementor-element-2d55ae56\" data-id=\"2d55ae56\" data-element_type=\"column\">\n\t\t\t<div class=\"elementor-widget-wrap elementor-element-populated\">\n\t\t\t\t\t\t<div class=\"elementor-element elementor-element-136a3e4 elementor-widget elementor-widget-image\" data-id=\"136a3e4\" data-element_type=\"widget\" data-widget_type=\"image.default\">\n\t\t\t\t<div class=\"elementor-widget-container\">\n\t\t\t\t\t\t\t\t\t\t\t\t\t\t\t<img decoding=\"async\" src=\"https:\/\/www.loiseaumonde.com\/wp-content\/uploads\/elementor\/thumbs\/oiseau-monde-mp9scpga6gw0i3xbcm7v1hpibyh2awqky67zpdpyiw.png\" title=\"oiseau-monde.png\" alt=\"oiseau-monde.png\" loading=\"lazy\" \/>\t\t\t\t\t\t\t\t\t\t\t\t\t\t\t<\/div>\n\t\t\t\t<\/div>\n\t\t\t\t<div class=\"elementor-element elementor-element-899226c elementor-widget elementor-widget-heading\" data-id=\"899226c\" data-element_type=\"widget\" data-widget_type=\"heading.default\">\n\t\t\t\t<div class=\"elementor-widget-container\">\n\t\t\t\t\t<h3 class=\"elementor-heading-title elementor-size-default\"><p align=\"CENTER\" style=\"margin-bottom: 0cm\"><b>La compagnie L'Oiseau Monde<\/b><\/p><\/h3>\t\t\t\t<\/div>\n\t\t\t\t<\/div>\n\t\t\t\t\t<\/div>\n\t\t<\/div>\n\t\t\t\t\t<\/div>\n\t\t<\/section>\n\t\t\t\t<section class=\"elementor-section elementor-top-section elementor-element elementor-element-44efd68 elementor-section-boxed elementor-section-height-default elementor-section-height-default\" data-id=\"44efd68\" data-element_type=\"section\">\n\t\t\t\t\t\t<div class=\"elementor-container elementor-column-gap-default\">\n\t\t\t\t\t<div class=\"elementor-column elementor-col-100 elementor-top-column elementor-element elementor-element-0c66da6\" data-id=\"0c66da6\" data-element_type=\"column\">\n\t\t\t<div class=\"elementor-widget-wrap elementor-element-populated\">\n\t\t\t\t\t\t<div class=\"elementor-element elementor-element-0fbe608 elementor-widget elementor-widget-text-editor\" data-id=\"0fbe608\" data-element_type=\"widget\" data-widget_type=\"text-editor.default\">\n\t\t\t\t<div class=\"elementor-widget-container\">\n\t\t\t\t\t\t\t\t\t<p style=\"text-align: left; padding-left: 40px;\"><span class=\"a_GcMg font-feature-liga-off font-feature-clig-off font-feature-calt-off text-decoration-none text-strikethrough-none\" style=\"color: rgba(0,0,0,var(--o42jjq,1)); --ys-xuq: none; font-kerning: none;\">Cr\u00e9\u00e9e en 2009 sur le terreau puissant des d\u00e9sirs et des r\u00eaves de th\u00e9\u00e2tre qui se reconnaissent entre eux, la compagnie l&#8217;Oiseau Monde a forg\u00e9 son identit\u00e9 au travers de la promotion d&#8217;une parole contemporaine \u2013 celle d&#8217;Alexandra Lucchesi \u2013 et de travaux hybrides, relevant \u00e0 la fois du geste artistique et de l&#8217;action culturelle. Aussi, et depuis l\u2019av\u00e8nement de la structure, l&#8217;\u00e9quipe artistique a su d\u00e9velopper une vraie capacit\u00e9 \u00e0 aller \u00e0 la rencontre de publics diff\u00e9rents et \u00e0 faire \u00e9merger une langue commune \u2013 celle du c\u0153ur et des choses simples- ; ces aventures d&#8217;humanit\u00e9, la plupart du temps tout-terrain, ont \u00e9galement permis d&#8217;aguerrir son adaptabilit\u00e9, et l&#8217;audace doubl\u00e9e de la grande joie d&#8217;avoir \u00e0 se r\u00e9inventer.<\/span><\/p><p style=\"text-align: left; padding-left: 40px;\"><span class=\"a_GcMg font-feature-liga-off font-feature-clig-off font-feature-calt-off text-decoration-none text-strikethrough-none\" style=\"color: rgba(0,0,0,var(--o42jjq,1)); --ys-xuq: none; font-kerning: none;\">De ce bel alliage ont \u00e9merg\u00e9 les cr\u00e9ations suivantes : <\/span><span class=\"a_GcMg font-feature-liga-off font-feature-clig-off font-feature-calt-off text-decoration-none text-strikethrough-none\" style=\"color: rgba(0,0,0,var(--o42jjq,1)); --ys-xuq: none; font-weight: bold; font-kerning: none;\">Joie<\/span><span class=\"a_GcMg font-feature-liga-off font-feature-clig-off font-feature-calt-off text-decoration-none text-strikethrough-none\" style=\"color: rgba(0,0,0,var(--o42jjq,1)); --ys-xuq: none; font-kerning: none;\">, une r\u00eaverie po\u00e9tique et musicale architectur\u00e9e autour de la figure forte de Camille Claudel ; <\/span><span class=\"a_GcMg font-feature-liga-off font-feature-clig-off font-feature-calt-off text-decoration-none text-strikethrough-none\" style=\"color: rgba(0,0,0,var(--o42jjq,1)); --ys-xuq: none; font-weight: bold; font-kerning: none;\">Un dromadaire en D\u00e9mocratie<\/span><span class=\"a_GcMg font-feature-liga-off font-feature-clig-off font-feature-calt-off text-decoration-none text-strikethrough-none\" style=\"color: rgba(0,0,0,var(--o42jjq,1)); --ys-xuq: none; font-kerning: none;\">, seul en sc\u00e8ne polyphonique d\u00e9di\u00e9 \u00e0 l&#8217;id\u00e9e de d\u00e9mocratie ; <\/span><span class=\"a_GcMg font-feature-liga-off font-feature-clig-off font-feature-calt-off text-decoration-none text-strikethrough-none\" style=\"color: rgba(0,0,0,var(--o42jjq,1)); --ys-xuq: none; font-weight: bold; font-kerning: none;\">Vacarmes<\/span><span class=\"a_GcMg font-feature-liga-off font-feature-clig-off font-feature-calt-off text-decoration-none text-strikethrough-none\" style=\"color: rgba(0,0,0,var(--o42jjq,1)); --ys-xuq: none; font-kerning: none;\"> puis, <\/span><span class=\"a_GcMg font-feature-liga-off font-feature-clig-off font-feature-calt-off text-decoration-none text-strikethrough-none\" style=\"color: rgba(0,0,0,var(--o42jjq,1)); --ys-xuq: none; font-weight: bold; font-kerning: none;\">Risk<\/span><span class=\"a_GcMg font-feature-liga-off font-feature-clig-off font-feature-calt-off text-decoration-none text-strikethrough-none\" style=\"color: rgba(0,0,0,var(--o42jjq,1)); --ys-xuq: none; font-kerning: none;\">, sa formule lyc\u00e9enne, essaim contrast\u00e9 de sayn\u00e8tes en lien avec l&#8217;addiction et les conduites \u00e0 risques ; le <\/span><span class=\"a_GcMg font-feature-liga-off font-feature-clig-off font-feature-calt-off text-decoration-none text-strikethrough-none\" style=\"color: rgba(0,0,0,var(--o42jjq,1)); --ys-xuq: none; font-weight: bold; font-kerning: none;\">Panse-Coeur<\/span><span class=\"a_GcMg font-feature-liga-off font-feature-clig-off font-feature-calt-off text-decoration-none text-strikethrough-none\" style=\"color: rgba(0,0,0,var(--o42jjq,1)); --ys-xuq: none; font-kerning: none;\">, forme hybride issue du recueil de contes paru aux \u00e9ditions <\/span><strong><span class=\"a_GcMg font-feature-liga-off font-feature-clig-off font-feature-calt-off text-decoration-none text-strikethrough-none\" style=\"color: rgba(0,0,0,var(--o42jjq,1)); --ys-xuq: none; font-style: italic; font-kerning: none;\">Pourpenser<\/span><\/strong><span class=\"a_GcMg font-feature-liga-off font-feature-clig-off font-feature-calt-off text-decoration-none text-strikethrough-none\" style=\"color: rgba(0,0,0,var(--o42jjq,1)); --ys-xuq: none; font-kerning: none;\"> et qui traverse les chagrins de l&#8217;enfance.<\/span><\/p><p style=\"text-align: left; padding-left: 40px;\"><span class=\"a_GcMg font-feature-liga-off font-feature-clig-off font-feature-calt-off text-decoration-none text-strikethrough-none\" style=\"color: rgba(0,0,0,var(--o42jjq,1)); --ys-xuq: none; font-kerning: none;\">Fin 2021, Sarah Camus, com\u00e9dienne, fait un joli pas de c\u00f4t\u00e9 et cr\u00e9e <\/span><span class=\"a_GcMg font-feature-liga-off font-feature-clig-off font-feature-calt-off text-decoration-none text-strikethrough-none\" style=\"color: rgba(0,0,0,var(--o42jjq,1)); --ys-xuq: none; font-weight: bold; font-kerning: none;\">Debout, de bois<\/span><span class=\"a_GcMg font-feature-liga-off font-feature-clig-off font-feature-calt-off text-decoration-none text-strikethrough-none\" style=\"color: rgba(0,0,0,var(--o42jjq,1)); --ys-xuq: none; font-kerning: none;\">, r\u00eaverie po\u00e9tique de manipulation de bois flott\u00e9 dans le cadre du dispositif TJP \u2013 dispositif de cr\u00e9ation pour le tr\u00e8s jeune public en Bourgogne-Franche-Comt\u00e9.<\/span><\/p><p style=\"text-align: left; padding-left: 40px;\"><span class=\"a_GcMg font-feature-liga-off font-feature-clig-off font-feature-calt-off text-decoration-none text-strikethrough-none\" style=\"color: rgba(0,0,0,var(--o42jjq,1)); --ys-xuq: none; font-kerning: none;\">Plus r\u00e9cemment, en 2025, ont \u00e9t\u00e9 cr\u00e9\u00e9es <\/span><span class=\"a_GcMg font-feature-liga-off font-feature-clig-off font-feature-calt-off text-decoration-none text-strikethrough-none\" style=\"color: rgba(0,0,0,var(--o42jjq,1)); --ys-xuq: none; font-weight: bold; font-kerning: none;\">Orph\u00e9a 33<\/span><span class=\"a_GcMg font-feature-liga-off font-feature-clig-off font-feature-calt-off text-decoration-none text-strikethrough-none\" style=\"color: rgba(0,0,0,var(--o42jjq,1)); --ys-xuq: none; font-kerning: none;\">, d\u00e9di\u00e9e au sujet sensible du deuil et harnach\u00e9e au mythe d&#8217;Orph\u00e9e et d&#8217;Eurydice ainsi que <\/span><span class=\"a_GcMg font-feature-liga-off font-feature-clig-off font-feature-calt-off text-decoration-none text-strikethrough-none\" style=\"color: rgba(0,0,0,var(--o42jjq,1)); --ys-xuq: none; font-weight: bold; font-kerning: none;\">La Bouca<\/span><span class=\"a_GcMg font-feature-liga-off font-feature-clig-off font-feature-calt-off text-decoration-none text-strikethrough-none\" style=\"color: rgba(0,0,0,var(--o42jjq,1)); --ys-xuq: none; font-kerning: none;\">, un conte contemporain en lien avec la figure du bouc \u00e9missaire et qui \u00e9voque le harc\u00e8lement en milieu scolaire.<\/span><\/p><p style=\"text-align: left; padding-left: 40px;\"><span class=\"a_GcMg font-feature-liga-off font-feature-clig-off font-feature-calt-off text-decoration-none text-strikethrough-none\" style=\"color: rgba(0,0,0,var(--o42jjq,1)); --ys-xuq: none; font-kerning: none;\">En parall\u00e8le de ses cr\u00e9ations, l&#8217;\u00e9quipe artistique m\u00e8ne des parcours de m\u00e9diation au long cours avec des publics pluriels ; ces pr\u00e9textes de rencontres \u2013 toujours beaux, toujours n\u00e9cessaires- r\u00e9sonnent avec les th\u00e9matiques travers\u00e9es au plateau et les nourrissent assur\u00e9ment.<\/span><\/p><p style=\"text-align: left; padding-left: 40px;\"><span class=\"a_GcMg font-feature-liga-off font-feature-clig-off font-feature-calt-off text-decoration-none text-strikethrough-none\" style=\"color: rgba(0,0,0,var(--o42jjq,1)); --ys-xuq: none; font-kerning: none;\">Actuellement, la compagnie r\u00eave et tricote d\u00e9j\u00e0 dans l&#8217;ombre sa future cr\u00e9ation \u00e0 venir.<\/span><\/p>\t\t\t\t\t\t\t\t<\/div>\n\t\t\t\t<\/div>\n\t\t\t\t\t<\/div>\n\t\t<\/div>\n\t\t\t\t\t<\/div>\n\t\t<\/section>\n\t\t\t\t<\/div>\n\t\t","protected":false},"excerpt":{"rendered":"<p>La compagnie L&#8217;Oiseau Monde Cr\u00e9\u00e9e en 2009 sur le terreau puissant des d\u00e9sirs et des r\u00eaves de th\u00e9\u00e2tre qui se reconnaissent entre eux, la compagnie l&#8217;Oiseau Monde a forg\u00e9 son [&hellip;]<\/p>\n","protected":false},"author":1,"featured_media":0,"parent":0,"menu_order":0,"comment_status":"closed","ping_status":"closed","template":"","meta":{"footnotes":""},"class_list":["post-1043","page","type-page","status-publish","hentry"],"_links":{"self":[{"href":"https:\/\/www.loiseaumonde.com\/en\/wp-json\/wp\/v2\/pages\/1043","targetHints":{"allow":["GET"]}}],"collection":[{"href":"https:\/\/www.loiseaumonde.com\/en\/wp-json\/wp\/v2\/pages"}],"about":[{"href":"https:\/\/www.loiseaumonde.com\/en\/wp-json\/wp\/v2\/types\/page"}],"author":[{"embeddable":true,"href":"https:\/\/www.loiseaumonde.com\/en\/wp-json\/wp\/v2\/users\/1"}],"replies":[{"embeddable":true,"href":"https:\/\/www.loiseaumonde.com\/en\/wp-json\/wp\/v2\/comments?post=1043"}],"version-history":[{"count":28,"href":"https:\/\/www.loiseaumonde.com\/en\/wp-json\/wp\/v2\/pages\/1043\/revisions"}],"predecessor-version":[{"id":2177,"href":"https:\/\/www.loiseaumonde.com\/en\/wp-json\/wp\/v2\/pages\/1043\/revisions\/2177"}],"wp:attachment":[{"href":"https:\/\/www.loiseaumonde.com\/en\/wp-json\/wp\/v2\/media?parent=1043"}],"curies":[{"name":"wp","href":"https:\/\/api.w.org\/{rel}","templated":true}]}}