{"id":1092,"date":"2019-05-09T22:12:22","date_gmt":"2019-05-09T21:12:22","guid":{"rendered":"http:\/\/www.loiseaumonde.com\/?page_id=1092"},"modified":"2019-05-09T22:50:00","modified_gmt":"2019-05-09T21:50:00","slug":"vacarmes","status":"publish","type":"page","link":"https:\/\/www.loiseaumonde.com\/en\/vacarmes\/","title":{"rendered":"TH\u00c9\u00c2TRE D&#8217;ENTREPRISE"},"content":{"rendered":"\r\n<figure class=\"wp-block-image\"><img fetchpriority=\"high\" decoding=\"async\" width=\"728\" height=\"1024\" class=\"wp-image-1094 aligncenter\" src=\"http:\/\/www.loiseaumonde.com\/wp-content\/uploads\/2019\/05\/VACARMES-ok-derni\u00e8re-version-diffusion-2019-1-728x1024.png\" alt=\"\" srcset=\"https:\/\/www.loiseaumonde.com\/wp-content\/uploads\/2019\/05\/VACARMES-ok-derni\u00e8re-version-diffusion-2019-1-728x1024.png 728w, https:\/\/www.loiseaumonde.com\/wp-content\/uploads\/2019\/05\/VACARMES-ok-derni\u00e8re-version-diffusion-2019-1-213x300.png 213w, https:\/\/www.loiseaumonde.com\/wp-content\/uploads\/2019\/05\/VACARMES-ok-derni\u00e8re-version-diffusion-2019-1-768x1080.png 768w, https:\/\/www.loiseaumonde.com\/wp-content\/uploads\/2019\/05\/VACARMES-ok-derni\u00e8re-version-diffusion-2019-1-750x1054.png 750w\" sizes=\"(max-width: 728px) 100vw, 728px\" \/><\/figure>\r\n\r\n\r\n\r\n<h1 class=\"wp-block-heading\" style=\"text-align: center;\"><span style=\"color: #ff0000;\">VACARMES &#8211; THEATRE D&#8217;ENTREPRISE<\/span><\/h1>\r\n\r\n\r\n\r\n<h3 class=\"wp-block-heading\" style=\"text-align: center;\">Pr\u00e9vention des conduites \u00e0 risques<\/h3>\r\n\r\n\r\n\r\n<h5 class=\"wp-block-heading\" style=\"text-align: center;\">Alcool &#8211; Tabac &#8211; IST &#8211; Cannabis &#8211; Drogues illicites<\/h5>\r\n\r\n\r\n\r\n<h4 class=\"wp-block-heading\" style=\"text-align: center;\">Vous cherchez un dispositif th\u00e9\u00e2tral innovant pour informer, pr\u00e9venir et favoriser le dialogue aupr\u00e8s de vos employ\u00e9s ?<\/h4>\r\n\r\n\r\n\r\n<p style=\"text-align: center;\">Nous proposons <strong>VACARMES<\/strong><\/p>\r\n\r\n\r\n\r\n<h4 class=\"wp-block-heading\" style=\"text-align: center;\">Sayn\u00e8tes percutantes et adapt\u00e9es au monde de l&#8217;entreprise<\/h4>\r\n\r\n\r\n\r\n<h3 class=\"wp-block-heading\" style=\"text-align: center;\"><span style=\"color: #33cccc;\">Dr\u00f4les.<\/span><span style=\"color: #ff0000;\"> Acides.<\/span><span style=\"color: #ffcc00;\"> D\u00e9cal\u00e9es.<\/span><span style=\"color: #993366;\">Tragiques.<\/span><br \/><span style=\"color: #339966;\">Vivantes.<\/span><\/h3>\r\n<p><span style=\"color: #ffffff;\">a<\/span><\/p>\r\n\r\n\r\n\r\n<p style=\"text-align: center;\"><a href=\"http:\/\/www.loiseaumonde.com\/wp-content\/uploads\/2019\/05\/PLAQUETTE-VACARMES.pdf\">Lien plaquette VACARMES<\/a><\/p>\r\n<p>&nbsp;<\/p>\r\n","protected":false},"excerpt":{"rendered":"<p>VACARMES &#8211; THEATRE D&#8217;ENTREPRISE Pr\u00e9vention des conduites \u00e0 risques Alcool &#8211; Tabac &#8211; IST &#8211; Cannabis &#8211; Drogues illicites Vous cherchez un dispositif th\u00e9\u00e2tral innovant pour informer, pr\u00e9venir et favoriser [&hellip;]<\/p>\n","protected":false},"author":1,"featured_media":0,"parent":0,"menu_order":0,"comment_status":"closed","ping_status":"closed","template":"","meta":{"footnotes":""},"class_list":["post-1092","page","type-page","status-publish","hentry"],"_links":{"self":[{"href":"https:\/\/www.loiseaumonde.com\/en\/wp-json\/wp\/v2\/pages\/1092","targetHints":{"allow":["GET"]}}],"collection":[{"href":"https:\/\/www.loiseaumonde.com\/en\/wp-json\/wp\/v2\/pages"}],"about":[{"href":"https:\/\/www.loiseaumonde.com\/en\/wp-json\/wp\/v2\/types\/page"}],"author":[{"embeddable":true,"href":"https:\/\/www.loiseaumonde.com\/en\/wp-json\/wp\/v2\/users\/1"}],"replies":[{"embeddable":true,"href":"https:\/\/www.loiseaumonde.com\/en\/wp-json\/wp\/v2\/comments?post=1092"}],"version-history":[{"count":9,"href":"https:\/\/www.loiseaumonde.com\/en\/wp-json\/wp\/v2\/pages\/1092\/revisions"}],"predecessor-version":[{"id":1108,"href":"https:\/\/www.loiseaumonde.com\/en\/wp-json\/wp\/v2\/pages\/1092\/revisions\/1108"}],"wp:attachment":[{"href":"https:\/\/www.loiseaumonde.com\/en\/wp-json\/wp\/v2\/media?parent=1092"}],"curies":[{"name":"wp","href":"https:\/\/api.w.org\/{rel}","templated":true}]}}