{"id":1350,"date":"2020-09-27T21:55:07","date_gmt":"2020-09-27T20:55:07","guid":{"rendered":"http:\/\/www.loiseaumonde.com\/?page_id=1350"},"modified":"2020-09-27T21:55:07","modified_gmt":"2020-09-27T20:55:07","slug":"creation-passees","status":"publish","type":"page","link":"https:\/\/www.loiseaumonde.com\/en\/creation-passees\/","title":{"rendered":"Creation passees"},"content":{"rendered":"<h2>-Cr\u00e9ations pass\u00e9es-<\/h2>\n<p>1<\/p>\n<h2>Joie<\/h2>\n<p><a href=\"http:\/\/www.loiseaumonde.com\/wp-content\/uploads\/2013\/08\/bloggif_52595ec75f828.png\"><img fetchpriority=\"high\" decoding=\"async\" class=\"wp-image-381 size-large aligncenter\" src=\"http:\/\/www.loiseaumonde.com\/wp-content\/uploads\/2013\/08\/bloggif_52595ec75f828-723x1024.png\" alt=\"\" width=\"723\" height=\"1024\" data-id=\"381\" srcset=\"https:\/\/www.loiseaumonde.com\/wp-content\/uploads\/2013\/08\/bloggif_52595ec75f828-723x1024.png 723w, https:\/\/www.loiseaumonde.com\/wp-content\/uploads\/2013\/08\/bloggif_52595ec75f828-212x300.png 212w, https:\/\/www.loiseaumonde.com\/wp-content\/uploads\/2013\/08\/bloggif_52595ec75f828.png 1131w\" sizes=\"(max-width: 723px) 100vw, 723px\" \/><\/a><i><b>Joie<\/b><\/i>\u00a0est une r\u00eaverie po\u00e9tique, et musicale, consacr\u00e9e \u00e0 Camille Claudel. Tout l\u2019enjeu de cette cr\u00e9ation a \u00e9t\u00e9 de faire \u00e9merger un espace imaginaire, qui prend racine dans la r\u00e9alit\u00e9 de sa fin de vie &#8211; le cloisonnement &#8211; , une sorte de labyrinthe circulaire qui enjoint l\u2019artiste, \u00e0 force de rondes et ressacs, \u00e0 aller au-devant d\u2019elle-m\u00eame et \u00e0 faire face \u00e0 ses peurs les plus profond\u00e9ment enfouies. Depuis les cavit\u00e9s de son \u00eatre, Camille Claudel combat son d\u00e9mon &#8211; d\u00e9mon dont parle si admirablement Zweig &#8211; sous nos yeux de spectateurs, entr\u00e9s sur la pointe des pieds dans son ar\u00e8ne int\u00e9rieure. Et c\u2019est \u00e0 ses c\u00f4t\u00e9s, apr\u00e8s une travers\u00e9e tumultueuse dans la nuit de l\u2019esprit, que nous marchons sur le sentier de la lib\u00e9ration, \u00e9clair\u00e9s par le soleil ardent qu\u2019est sa joie retrouv\u00e9e.<\/p>\n<h2>A dream with Diggy<\/h2>\n<p><a href=\"http:\/\/www.loiseaumonde.com\/wp-content\/uploads\/2013\/10\/photoarnaud3.jpg\"><img decoding=\"async\" class=\"alignnone wp-image-339 size-full\" src=\"http:\/\/www.loiseaumonde.com\/wp-content\/uploads\/2013\/10\/photoarnaud3.jpg\" alt=\"\" width=\"750\" height=\"501\" data-id=\"339\" srcset=\"https:\/\/www.loiseaumonde.com\/wp-content\/uploads\/2013\/10\/photoarnaud3.jpg 750w, https:\/\/www.loiseaumonde.com\/wp-content\/uploads\/2013\/10\/photoarnaud3-300x200.jpg 300w\" sizes=\"(max-width: 750px) 100vw, 750px\" \/><\/a><\/p>\n<p><a href=\"http:\/\/www.loiseaumonde.com\/wp-content\/uploads\/2013\/10\/photoarnaud4.jpg\"><img decoding=\"async\" class=\"alignnone wp-image-335 size-full\" src=\"http:\/\/www.loiseaumonde.com\/wp-content\/uploads\/2013\/10\/photoarnaud4.jpg\" alt=\"\" width=\"750\" height=\"501\" data-id=\"335\" srcset=\"https:\/\/www.loiseaumonde.com\/wp-content\/uploads\/2013\/10\/photoarnaud4.jpg 750w, https:\/\/www.loiseaumonde.com\/wp-content\/uploads\/2013\/10\/photoarnaud4-300x200.jpg 300w\" sizes=\"(max-width: 750px) 100vw, 750px\" \/><\/a><\/p>\n<p align=\"JUSTIFY\">Le cabaret ?<\/p>\n<p align=\"JUSTIFY\">Froufrous, plumes color\u00e9es, talons aiguilles, \u0153illades appuy\u00e9es, champagne et tours de chant, voil\u00e0 bien la recette d\u2019un beau moment de cabaret. Et pour le plaisir de tous,\u00a0<em><strong>A dream with Diggy<\/strong><\/em>\u00a0n\u2019\u00e9chappe pas \u00e0 la r\u00e8gle du genre. Mais ne nous y trompons pas\u00a0: Diggy, artiste gouailleuse du Velvet Paradise, un cabaret miteux du New-York d\u2019apr\u00e8s-guerre, fait la nique \u00e0 l\u2019\u00e9vidence qui \u00e9mane de ses contours f\u00e9minins et l\u00e9gers en apparence. Par-del\u00e0 une interview entrem\u00eal\u00e9e de chants, de num\u00e9ros de charme et de cabotinage, l\u2019\u00e2me fard\u00e9e et fatigu\u00e9e d\u2019\u00eatre ce qu\u2019elle repr\u00e9sente nous laisse entendre le chant d\u2019une mauvaise trag\u00e9die, la sienne, celle de l\u2019artiste qui, une fois le rideau tomb\u00e9, ne sait plus comment \u00f4ter ce masque qu\u2019elle s\u2019est cousu sur la face.<\/p>\n<h2>Le r\u00eave d&#8217;Ir\u00e8ne<\/h2>\n<p><a href=\"http:\/\/www.loiseaumonde.com\/wp-content\/uploads\/2014\/02\/cdfadbf9187c08043803994ca52bf974.jpg\"><img loading=\"lazy\" decoding=\"async\" class=\"wp-image-467 size-full aligncenter\" src=\"http:\/\/www.loiseaumonde.com\/wp-content\/uploads\/2014\/02\/cdfadbf9187c08043803994ca52bf974.jpg\" alt=\"\" width=\"437\" height=\"328\" data-id=\"467\" srcset=\"https:\/\/www.loiseaumonde.com\/wp-content\/uploads\/2014\/02\/cdfadbf9187c08043803994ca52bf974.jpg 437w, https:\/\/www.loiseaumonde.com\/wp-content\/uploads\/2014\/02\/cdfadbf9187c08043803994ca52bf974-300x225.jpg 300w\" sizes=\"(max-width: 437px) 100vw, 437px\" \/><\/a><\/p>\n<p><em><b>Le r\u00eave d&#8217;Ir\u00e8ne<\/b><\/em>\u00a0raconte l&#8217;av\u00e8nement d&#8217;une histoire d&#8217;amour, po\u00e9tique parce qu&#8217;improbable, entre deux jouets que tout s\u00e9pare et qu&#8217;une petite fille aura \u00e0 c\u0153ur de rendre tangible.C&#8217;est par le prisme de cette rencontre entre\u00a0Mandoline-la-toute-petite-danseuse et Octobre-le-tr\u00e8s-tr\u00e8s-grand-gar\u00e7on-chiffon qu&#8217;Ir\u00e8ne va \u00eatre amen\u00e9e \u00e0 faire l&#8217;exp\u00e9rience de la diff\u00e9rence\u00a0; cette diff\u00e9rence qu&#8217;il faut apprendre \u00e0 reconna\u00eetre si l&#8217;on veut pouvoir la d\u00e9passer ensuite et, peut-\u00eatre, faire advenir le sentiment d&#8217;amour qui se d\u00e9roule comme une passerelle entre les \u00eatres et ramifie\u00a0les\u00a0solitudes.<\/p>\n<h2 align=\"JUSTIFY\">Ah-bon le petit gar\u00e7on<\/h2>\n<p><a href=\"http:\/\/www.loiseaumonde.com\/wp-content\/uploads\/2013\/10\/bloggif_5256ac74163dc.jpeg\"><img loading=\"lazy\" decoding=\"async\" class=\"aligncenter wp-image-363 size-full\" src=\"http:\/\/www.loiseaumonde.com\/wp-content\/uploads\/2013\/10\/bloggif_5256ac74163dc.jpeg\" alt=\"\" width=\"266\" height=\"400\" data-id=\"363\" srcset=\"https:\/\/www.loiseaumonde.com\/wp-content\/uploads\/2013\/10\/bloggif_5256ac74163dc.jpeg 266w, https:\/\/www.loiseaumonde.com\/wp-content\/uploads\/2013\/10\/bloggif_5256ac74163dc-199x300.jpeg 199w\" sizes=\"(max-width: 266px) 100vw, 266px\" \/><\/a><\/p>\n<p align=\"JUSTIFY\"><strong><em>Ah-bon le petit gar\u00e7on<\/em><\/strong>\u00a0est une fable d\u2019\u00e9veil \u00e0 destination des tout-petits, \u00e0 partir de quelques mois et jusqu\u2019\u00e0 quatre ans. Il s\u2019agit d\u2019une cr\u00e9ation ludique, tendre et p\u00e9dagogique, capable de stimuler les connaissances des enfants et d\u2019ancrer dans leur m\u00e9moire, sous couvert d\u2019amusement, de bruitages et de chansonnettes, les premiers \u00e9l\u00e9ments de l\u2019existence qu\u2019ils ont \u00e0 c\u0153ur de conna\u00eetre et de reconna\u00eetre pour mieux les nommer ensuite. La com\u00e9dienne, qui incarne \u00e0 la fois La m\u00e8re, Ah-bon le petit gar\u00e7on et Ohlala la petite s\u0153ur, guidera ces regards \u00e9merveill\u00e9s tout nouvellement pos\u00e9s sur le monde qui nous entour<\/p>\n","protected":false},"excerpt":{"rendered":"<p>-Cr\u00e9ations pass\u00e9es- 1 Joie Joie\u00a0est une r\u00eaverie po\u00e9tique, et musicale, consacr\u00e9e \u00e0 Camille Claudel. Tout l\u2019enjeu de cette cr\u00e9ation a \u00e9t\u00e9 de faire \u00e9merger un espace imaginaire, qui prend racine [&hellip;]<\/p>\n","protected":false},"author":1,"featured_media":0,"parent":0,"menu_order":0,"comment_status":"closed","ping_status":"closed","template":"","meta":{"footnotes":""},"class_list":["post-1350","page","type-page","status-publish","hentry"],"_links":{"self":[{"href":"https:\/\/www.loiseaumonde.com\/en\/wp-json\/wp\/v2\/pages\/1350","targetHints":{"allow":["GET"]}}],"collection":[{"href":"https:\/\/www.loiseaumonde.com\/en\/wp-json\/wp\/v2\/pages"}],"about":[{"href":"https:\/\/www.loiseaumonde.com\/en\/wp-json\/wp\/v2\/types\/page"}],"author":[{"embeddable":true,"href":"https:\/\/www.loiseaumonde.com\/en\/wp-json\/wp\/v2\/users\/1"}],"replies":[{"embeddable":true,"href":"https:\/\/www.loiseaumonde.com\/en\/wp-json\/wp\/v2\/comments?post=1350"}],"version-history":[{"count":1,"href":"https:\/\/www.loiseaumonde.com\/en\/wp-json\/wp\/v2\/pages\/1350\/revisions"}],"predecessor-version":[{"id":1351,"href":"https:\/\/www.loiseaumonde.com\/en\/wp-json\/wp\/v2\/pages\/1350\/revisions\/1351"}],"wp:attachment":[{"href":"https:\/\/www.loiseaumonde.com\/en\/wp-json\/wp\/v2\/media?parent=1350"}],"curies":[{"name":"wp","href":"https:\/\/api.w.org\/{rel}","templated":true}]}}