{"id":1654,"date":"2023-01-25T14:26:59","date_gmt":"2023-01-25T13:26:59","guid":{"rendered":"http:\/\/www.loiseaumonde.com\/?page_id=1654"},"modified":"2025-06-06T12:11:03","modified_gmt":"2025-06-06T11:11:03","slug":"debout-de-bois-2","status":"publish","type":"page","link":"https:\/\/www.loiseaumonde.com\/en\/debout-de-bois-2\/","title":{"rendered":"DEBOUT, DE BOIS"},"content":{"rendered":"\t\t<div data-elementor-type=\"wp-page\" data-elementor-id=\"1654\" class=\"elementor elementor-1654\">\n\t\t\t\t\t\t<section class=\"elementor-section elementor-top-section elementor-element elementor-element-db6d7b9 elementor-section-boxed elementor-section-height-default elementor-section-height-default\" data-id=\"db6d7b9\" data-element_type=\"section\">\n\t\t\t\t\t\t<div class=\"elementor-container elementor-column-gap-default\">\n\t\t\t\t\t<div class=\"elementor-column elementor-col-100 elementor-top-column elementor-element elementor-element-1480d92\" data-id=\"1480d92\" data-element_type=\"column\">\n\t\t\t<div class=\"elementor-widget-wrap elementor-element-populated\">\n\t\t\t\t\t\t<div class=\"elementor-element elementor-element-39a003e elementor-widget elementor-widget-heading\" data-id=\"39a003e\" data-element_type=\"widget\" data-widget_type=\"heading.default\">\n\t\t\t\t<div class=\"elementor-widget-container\">\n\t\t\t\t\t<h2 class=\"elementor-heading-title elementor-size-default\">DEBOUT, DE BOIS<\/h2>\t\t\t\t<\/div>\n\t\t\t\t<\/div>\n\t\t\t\t\t<\/div>\n\t\t<\/div>\n\t\t\t\t\t<\/div>\n\t\t<\/section>\n\t\t\t\t<section class=\"elementor-section elementor-top-section elementor-element elementor-element-7dfd6d0 elementor-section-boxed elementor-section-height-default elementor-section-height-default\" data-id=\"7dfd6d0\" data-element_type=\"section\">\n\t\t\t\t\t\t<div class=\"elementor-container elementor-column-gap-default\">\n\t\t\t\t\t<div class=\"elementor-column elementor-col-100 elementor-top-column elementor-element elementor-element-f1cb4f6\" data-id=\"f1cb4f6\" data-element_type=\"column\">\n\t\t\t<div class=\"elementor-widget-wrap elementor-element-populated\">\n\t\t\t\t\t\t<div class=\"elementor-element elementor-element-6b651bc elementor-widget elementor-widget-text-editor\" data-id=\"6b651bc\" data-element_type=\"widget\" data-widget_type=\"text-editor.default\">\n\t\t\t\t<div class=\"elementor-widget-container\">\n\t\t\t\t\t\t\t\t\t<p>Manipulation po\u00e9tique de bois flott\u00e9<\/p>\t\t\t\t\t\t\t\t<\/div>\n\t\t\t\t<\/div>\n\t\t\t\t\t<\/div>\n\t\t<\/div>\n\t\t\t\t\t<\/div>\n\t\t<\/section>\n\t\t\t\t<section class=\"elementor-section elementor-top-section elementor-element elementor-element-af64c53 elementor-section-boxed elementor-section-height-default elementor-section-height-default\" data-id=\"af64c53\" data-element_type=\"section\">\n\t\t\t\t\t\t<div class=\"elementor-container elementor-column-gap-default\">\n\t\t\t\t\t<div class=\"elementor-column elementor-col-100 elementor-top-column elementor-element elementor-element-505a6e0\" data-id=\"505a6e0\" data-element_type=\"column\">\n\t\t\t<div class=\"elementor-widget-wrap elementor-element-populated\">\n\t\t\t\t\t\t<div class=\"elementor-element elementor-element-580ddb4 elementor-widget elementor-widget-text-editor\" data-id=\"580ddb4\" data-element_type=\"widget\" data-widget_type=\"text-editor.default\">\n\t\t\t\t<div class=\"elementor-widget-container\">\n\t\t\t\t\t\t\t\t\t<p><b>Spectacle tr\u00e8s jeune public<\/b><\/p>\n<p>A partir de 18 mois<\/p>\t\t\t\t\t\t\t\t<\/div>\n\t\t\t\t<\/div>\n\t\t\t\t<div class=\"elementor-element elementor-element-24bbc4e elementor-widget elementor-widget-image\" data-id=\"24bbc4e\" data-element_type=\"widget\" data-widget_type=\"image.default\">\n\t\t\t\t<div class=\"elementor-widget-container\">\n\t\t\t\t\t\t\t\t\t\t\t\t\t\t\t<img fetchpriority=\"high\" decoding=\"async\" width=\"724\" height=\"1024\" src=\"https:\/\/www.loiseaumonde.com\/wp-content\/uploads\/2025\/04\/Affiche-Debout-de-bois-2025-1-724x1024.png\" class=\"attachment-large size-large wp-image-2045\" alt=\"\" srcset=\"https:\/\/www.loiseaumonde.com\/wp-content\/uploads\/2025\/04\/Affiche-Debout-de-bois-2025-1-724x1024.png 724w, https:\/\/www.loiseaumonde.com\/wp-content\/uploads\/2025\/04\/Affiche-Debout-de-bois-2025-1-212x300.png 212w, https:\/\/www.loiseaumonde.com\/wp-content\/uploads\/2025\/04\/Affiche-Debout-de-bois-2025-1-768x1086.png 768w, https:\/\/www.loiseaumonde.com\/wp-content\/uploads\/2025\/04\/Affiche-Debout-de-bois-2025-1-1086x1536.png 1086w, https:\/\/www.loiseaumonde.com\/wp-content\/uploads\/2025\/04\/Affiche-Debout-de-bois-2025-1-1448x2048.png 1448w, https:\/\/www.loiseaumonde.com\/wp-content\/uploads\/2025\/04\/Affiche-Debout-de-bois-2025-1-750x1061.png 750w, https:\/\/www.loiseaumonde.com\/wp-content\/uploads\/2025\/04\/Affiche-Debout-de-bois-2025-1-400x566.png 400w, https:\/\/www.loiseaumonde.com\/wp-content\/uploads\/2025\/04\/Affiche-Debout-de-bois-2025-1-430x608.png 430w, https:\/\/www.loiseaumonde.com\/wp-content\/uploads\/2025\/04\/Affiche-Debout-de-bois-2025-1-150x212.png 150w, https:\/\/www.loiseaumonde.com\/wp-content\/uploads\/2025\/04\/Affiche-Debout-de-bois-2025-1-100x141.png 100w, https:\/\/www.loiseaumonde.com\/wp-content\/uploads\/2025\/04\/Affiche-Debout-de-bois-2025-1.png 1587w\" sizes=\"(max-width: 724px) 100vw, 724px\" \/>\t\t\t\t\t\t\t\t\t\t\t\t\t\t\t<\/div>\n\t\t\t\t<\/div>\n\t\t\t\t\t<\/div>\n\t\t<\/div>\n\t\t\t\t\t<\/div>\n\t\t<\/section>\n\t\t\t\t<section class=\"elementor-section elementor-top-section elementor-element elementor-element-96569c2 elementor-section-boxed elementor-section-height-default elementor-section-height-default\" data-id=\"96569c2\" data-element_type=\"section\">\n\t\t\t\t\t\t<div class=\"elementor-container elementor-column-gap-default\">\n\t\t\t\t\t<div class=\"elementor-column elementor-col-100 elementor-top-column elementor-element elementor-element-4d28d0f\" data-id=\"4d28d0f\" data-element_type=\"column\">\n\t\t\t<div class=\"elementor-widget-wrap elementor-element-populated\">\n\t\t\t\t\t\t<div class=\"elementor-element elementor-element-773c175 elementor-widget elementor-widget-heading\" data-id=\"773c175\" data-element_type=\"widget\" data-widget_type=\"heading.default\">\n\t\t\t\t<div class=\"elementor-widget-container\">\n\t\t\t\t\t<h4 class=\"elementor-heading-title elementor-size-default\">TEASER DEBOUT, DE BOIS<\/h4>\t\t\t\t<\/div>\n\t\t\t\t<\/div>\n\t\t\t\t\t<\/div>\n\t\t<\/div>\n\t\t\t\t\t<\/div>\n\t\t<\/section>\n\t\t\t\t<section class=\"elementor-section elementor-top-section elementor-element elementor-element-4460b8d elementor-section-boxed elementor-section-height-default elementor-section-height-default\" data-id=\"4460b8d\" data-element_type=\"section\">\n\t\t\t\t\t\t<div class=\"elementor-container elementor-column-gap-default\">\n\t\t\t\t\t<div class=\"elementor-column elementor-col-100 elementor-top-column elementor-element elementor-element-a2b3a6e\" data-id=\"a2b3a6e\" data-element_type=\"column\">\n\t\t\t<div class=\"elementor-widget-wrap elementor-element-populated\">\n\t\t\t\t\t\t<div class=\"elementor-element elementor-element-bc00ecb elementor-widget elementor-widget-video\" data-id=\"bc00ecb\" data-element_type=\"widget\" data-settings=\"{&quot;youtube_url&quot;:&quot;https:\\\/\\\/youtu.be\\\/cdSE22IlUIs&quot;,&quot;video_type&quot;:&quot;youtube&quot;,&quot;controls&quot;:&quot;yes&quot;}\" data-widget_type=\"video.default\">\n\t\t\t\t<div class=\"elementor-widget-container\">\n\t\t\t\t\t\t\t<div class=\"elementor-wrapper elementor-open-inline\">\n\t\t\t<div class=\"elementor-video\"><\/div>\t\t<\/div>\n\t\t\t\t\t\t<\/div>\n\t\t\t\t<\/div>\n\t\t\t\t\t<\/div>\n\t\t<\/div>\n\t\t\t\t\t<\/div>\n\t\t<\/section>\n\t\t\t\t<section class=\"elementor-section elementor-top-section elementor-element elementor-element-9c9c1b1 elementor-section-boxed elementor-section-height-default elementor-section-height-default\" data-id=\"9c9c1b1\" data-element_type=\"section\">\n\t\t\t\t\t\t<div class=\"elementor-container elementor-column-gap-default\">\n\t\t\t\t\t<div class=\"elementor-column elementor-col-100 elementor-top-column elementor-element elementor-element-cd0502f\" data-id=\"cd0502f\" data-element_type=\"column\">\n\t\t\t<div class=\"elementor-widget-wrap elementor-element-populated\">\n\t\t\t\t\t\t<div class=\"elementor-element elementor-element-072a4ea elementor-widget elementor-widget-text-editor\" data-id=\"072a4ea\" data-element_type=\"widget\" data-widget_type=\"text-editor.default\">\n\t\t\t\t<div class=\"elementor-widget-container\">\n\t\t\t\t\t\t\t\t\t<p>Un d\u00e9cor fait de quelques morceaux de bois, et d&#8217;un peu de sable. C&#8217;est tout. C&#8217;est bien peu, et pourtant c&#8217;est beaucoup.<\/p><p>C&#8217;est l&#8217;histoire d&#8217;un petit \u00eatre &#8211; de bois &#8211; qui na\u00eet dans un univers inconnu, qui apprend \u00e0 d\u00e9couvrir le monde, son monde. D&#8217;abord, en appr\u00e9hender les contours, les extr\u00e9mit\u00e9s. Puis, se construire un abri. Peu \u00e0 peu, se soucier des d\u00e9tails, chercher, d\u00e9couvrir, essayer, \u00e9chouer, essayer encore, s&#8217;\u00e9lever. C&#8217;est aussi l&#8217;histoire d&#8217;une rencontre, forte, essentielle, qui va tout changer.<\/p><p>C&#8217;est enfin l&#8217;histoire de l&#8217;avant, de l&#8217;apr\u00e8s, et de l&#8217;espoir : rien n&#8217;est jamais totalement fini, tout se transforme, \u00e0 l&#8217;image de ce petit monde de sable et de bois.<\/p>\t\t\t\t\t\t\t\t<\/div>\n\t\t\t\t<\/div>\n\t\t\t\t\t<\/div>\n\t\t<\/div>\n\t\t\t\t\t<\/div>\n\t\t<\/section>\n\t\t\t\t<section class=\"elementor-section elementor-top-section elementor-element elementor-element-92a4312 elementor-section-boxed elementor-section-height-default elementor-section-height-default\" data-id=\"92a4312\" data-element_type=\"section\">\n\t\t\t\t\t\t<div class=\"elementor-container elementor-column-gap-default\">\n\t\t\t\t\t<div class=\"elementor-column elementor-col-100 elementor-top-column elementor-element elementor-element-a38fe6d\" data-id=\"a38fe6d\" data-element_type=\"column\">\n\t\t\t<div class=\"elementor-widget-wrap elementor-element-populated\">\n\t\t\t\t\t\t<div class=\"elementor-element elementor-element-c78279e elementor-widget elementor-widget-text-editor\" data-id=\"c78279e\" data-element_type=\"widget\" data-widget_type=\"text-editor.default\">\n\t\t\t\t<div class=\"elementor-widget-container\">\n\t\t\t\t\t\t\t\t\t<p><strong>JEU : Sarah Camus<\/strong><\/p>\n<p><strong>SC\u00c9NOGRAPHIE : Julien Lett<\/strong><\/p>\n<p><strong>CR\u00c9ATION SONORE : J\u00e9r\u00f4me Broyer<\/strong><\/p>\n<p><b>CREATION LUMIERE : Paul Deschamps<\/b><\/p>\n<p><strong>REGARD EXT\u00c9RIEUR : Eleonora Ribis, Alexandra Lucchesi<\/strong><\/p>\n<p><strong><br><\/strong><\/p>\n<p><b>CONTACT DIFFUSION :&nbsp;<\/b><\/p>\n<p><b>Camille On\u00e9glia<\/b><\/p>\n<p><strong>06.65.76.48.43&nbsp;<\/strong><\/p>\n<p><strong style=\"color: var( --e-global-color-text ); font-family: var( --e-global-typography-text-font-family );\">diff.loiseaumonde@gmail.com<\/strong><\/p>\t\t\t\t\t\t\t\t<\/div>\n\t\t\t\t<\/div>\n\t\t\t\t\t<\/div>\n\t\t<\/div>\n\t\t\t\t\t<\/div>\n\t\t<\/section>\n\t\t\t\t<section class=\"elementor-section elementor-top-section elementor-element elementor-element-56e0f3e elementor-section-boxed elementor-section-height-default elementor-section-height-default\" data-id=\"56e0f3e\" data-element_type=\"section\">\n\t\t\t\t\t\t<div class=\"elementor-container elementor-column-gap-default\">\n\t\t\t\t\t<div class=\"elementor-column elementor-col-100 elementor-top-column elementor-element elementor-element-241250f\" data-id=\"241250f\" data-element_type=\"column\">\n\t\t\t<div class=\"elementor-widget-wrap elementor-element-populated\">\n\t\t\t\t\t\t<div class=\"elementor-element elementor-element-6a42d23 elementor-widget elementor-widget-heading\" data-id=\"6a42d23\" data-element_type=\"widget\" data-widget_type=\"heading.default\">\n\t\t\t\t<div class=\"elementor-widget-container\">\n\t\t\t\t\t<h4 class=\"elementor-heading-title elementor-size-default\">SPECTACLE CR<span style=\"font-family: var( --e-global-typography-primary-font-family );font-weight: var( --e-global-typography-primary-font-weight )\">\u00c9<\/span><span style=\"font-family: var( --e-global-typography-primary-font-family );font-weight: var( --e-global-typography-primary-font-weight )\">\u00c9<\/span><span style=\"font-family: var( --e-global-typography-primary-font-family );font-weight: var( --e-global-typography-primary-font-weight )\"> DANS LE CADRE <\/span>DU DISPOSITIF TJP <\/h4>\t\t\t\t<\/div>\n\t\t\t\t<\/div>\n\t\t\t\t\t<\/div>\n\t\t<\/div>\n\t\t\t\t\t<\/div>\n\t\t<\/section>\n\t\t\t\t<section class=\"elementor-section elementor-top-section elementor-element elementor-element-b0d0aad elementor-section-boxed elementor-section-height-default elementor-section-height-default\" data-id=\"b0d0aad\" data-element_type=\"section\">\n\t\t\t\t\t\t<div class=\"elementor-container elementor-column-gap-default\">\n\t\t\t\t\t<div class=\"elementor-column elementor-col-100 elementor-top-column elementor-element elementor-element-ae4837c\" data-id=\"ae4837c\" data-element_type=\"column\">\n\t\t\t<div class=\"elementor-widget-wrap elementor-element-populated\">\n\t\t\t\t\t\t<div class=\"elementor-element elementor-element-08a9e82 elementor-widget elementor-widget-text-editor\" data-id=\"08a9e82\" data-element_type=\"widget\" data-widget_type=\"text-editor.default\">\n\t\t\t\t<div class=\"elementor-widget-container\">\n\t\t\t\t\t\t\t\t\t<p>Le TJP est un parcours d\u2019accompagnement \u00e0 la cr\u00e9ation tr\u00e8s jeune public en Bourgogne-Franche-Comt\u00e9, port\u00e9 par ARTIS_le Lab en coop\u00e9ration avec la Minoterie &#8211; sc\u00e8ne conventionn\u00e9e Art, enfance et jeunesse, C\u00f4t\u00e9 Cour &#8211; sc\u00e8ne conventionn\u00e9e Art, enfance et jeunesse, La Maison de la culture de Nevers agglom\u00e9ration, Culture 70, et avec le soutien financier et l\u2019implication des services, culture et de protection infantile et maternelle des conseils d\u00e9partementaux de la Ni\u00e8vre, de la C\u00f4te d\u2019Or, du Doubs et de la Haute Sa\u00f4ne.<\/p>\t\t\t\t\t\t\t\t<\/div>\n\t\t\t\t<\/div>\n\t\t\t\t\t<\/div>\n\t\t<\/div>\n\t\t\t\t\t<\/div>\n\t\t<\/section>\n\t\t\t\t<section class=\"elementor-section elementor-top-section elementor-element elementor-element-1eb079f elementor-section-boxed elementor-section-height-default elementor-section-height-default\" data-id=\"1eb079f\" data-element_type=\"section\">\n\t\t\t\t\t\t<div class=\"elementor-container elementor-column-gap-default\">\n\t\t\t\t\t<div class=\"elementor-column elementor-col-100 elementor-top-column elementor-element elementor-element-7e1dbdf\" data-id=\"7e1dbdf\" data-element_type=\"column\">\n\t\t\t<div class=\"elementor-widget-wrap elementor-element-populated\">\n\t\t\t\t\t\t<div class=\"elementor-element elementor-element-70b5022 elementor-align-center elementor-widget elementor-widget-button\" data-id=\"70b5022\" data-element_type=\"widget\" data-widget_type=\"button.default\">\n\t\t\t\t<div class=\"elementor-widget-container\">\n\t\t\t\t\t\t\t\t\t<div class=\"elementor-button-wrapper\">\n\t\t\t\t\t<a class=\"elementor-button elementor-button-link elementor-size-sm\" href=\"https:\/\/www.loiseaumonde.com\/wp-content\/uploads\/2025\/06\/Dossier-de-diffusion-DDB-2025.pdf\">\n\t\t\t\t\t\t<span class=\"elementor-button-content-wrapper\">\n\t\t\t\t\t\t\t\t\t<span class=\"elementor-button-text\">Dossier de diffusion Debout, de bois<\/span>\n\t\t\t\t\t<\/span>\n\t\t\t\t\t<\/a>\n\t\t\t\t<\/div>\n\t\t\t\t\t\t\t\t<\/div>\n\t\t\t\t<\/div>\n\t\t\t\t\t<\/div>\n\t\t<\/div>\n\t\t\t\t\t<\/div>\n\t\t<\/section>\n\t\t\t\t<section class=\"elementor-section elementor-top-section elementor-element elementor-element-5a7aae2 elementor-section-boxed elementor-section-height-default elementor-section-height-default\" data-id=\"5a7aae2\" data-element_type=\"section\">\n\t\t\t\t\t\t<div class=\"elementor-container elementor-column-gap-default\">\n\t\t\t\t\t<div class=\"elementor-column elementor-col-100 elementor-top-column elementor-element elementor-element-6d1b36b\" data-id=\"6d1b36b\" data-element_type=\"column\">\n\t\t\t<div class=\"elementor-widget-wrap elementor-element-populated\">\n\t\t\t\t\t\t<div class=\"elementor-element elementor-element-49fc32f elementor-widget elementor-widget-image\" data-id=\"49fc32f\" data-element_type=\"widget\" data-widget_type=\"image.default\">\n\t\t\t\t<div class=\"elementor-widget-container\">\n\t\t\t\t\t\t\t\t\t\t\t\t\t\t\t<img decoding=\"async\" width=\"1024\" height=\"91\" src=\"https:\/\/www.loiseaumonde.com\/wp-content\/uploads\/2021\/09\/Logos-ok-ddb-1024x91.png\" class=\"attachment-large size-large wp-image-1503\" alt=\"\" srcset=\"https:\/\/www.loiseaumonde.com\/wp-content\/uploads\/2021\/09\/Logos-ok-ddb-1024x91.png 1024w, https:\/\/www.loiseaumonde.com\/wp-content\/uploads\/2021\/09\/Logos-ok-ddb-300x27.png 300w, https:\/\/www.loiseaumonde.com\/wp-content\/uploads\/2021\/09\/Logos-ok-ddb-768x68.png 768w, https:\/\/www.loiseaumonde.com\/wp-content\/uploads\/2021\/09\/Logos-ok-ddb-750x66.png 750w, https:\/\/www.loiseaumonde.com\/wp-content\/uploads\/2021\/09\/Logos-ok-ddb-400x35.png 400w, https:\/\/www.loiseaumonde.com\/wp-content\/uploads\/2021\/09\/Logos-ok-ddb-430x38.png 430w, https:\/\/www.loiseaumonde.com\/wp-content\/uploads\/2021\/09\/Logos-ok-ddb-150x13.png 150w, https:\/\/www.loiseaumonde.com\/wp-content\/uploads\/2021\/09\/Logos-ok-ddb-100x9.png 100w, https:\/\/www.loiseaumonde.com\/wp-content\/uploads\/2021\/09\/Logos-ok-ddb.png 1455w\" sizes=\"(max-width: 1024px) 100vw, 1024px\" \/>\t\t\t\t\t\t\t\t\t\t\t\t\t\t\t<\/div>\n\t\t\t\t<\/div>\n\t\t\t\t\t<\/div>\n\t\t<\/div>\n\t\t\t\t\t<\/div>\n\t\t<\/section>\n\t\t\t\t<\/div>\n\t\t","protected":false},"excerpt":{"rendered":"<p>DEBOUT, DE BOIS Manipulation po\u00e9tique de bois flott\u00e9 Spectacle tr\u00e8s jeune public A partir de 18 mois TEASER DEBOUT, DE BOIS https:\/\/youtu.be\/cdSE22IlUIs Un d\u00e9cor fait de quelques morceaux de bois, [&hellip;]<\/p>\n","protected":false},"author":1,"featured_media":0,"parent":0,"menu_order":3,"comment_status":"closed","ping_status":"open","template":"","meta":{"footnotes":""},"class_list":["post-1654","page","type-page","status-publish","hentry"],"_links":{"self":[{"href":"https:\/\/www.loiseaumonde.com\/en\/wp-json\/wp\/v2\/pages\/1654","targetHints":{"allow":["GET"]}}],"collection":[{"href":"https:\/\/www.loiseaumonde.com\/en\/wp-json\/wp\/v2\/pages"}],"about":[{"href":"https:\/\/www.loiseaumonde.com\/en\/wp-json\/wp\/v2\/types\/page"}],"author":[{"embeddable":true,"href":"https:\/\/www.loiseaumonde.com\/en\/wp-json\/wp\/v2\/users\/1"}],"replies":[{"embeddable":true,"href":"https:\/\/www.loiseaumonde.com\/en\/wp-json\/wp\/v2\/comments?post=1654"}],"version-history":[{"count":13,"href":"https:\/\/www.loiseaumonde.com\/en\/wp-json\/wp\/v2\/pages\/1654\/revisions"}],"predecessor-version":[{"id":2151,"href":"https:\/\/www.loiseaumonde.com\/en\/wp-json\/wp\/v2\/pages\/1654\/revisions\/2151"}],"wp:attachment":[{"href":"https:\/\/www.loiseaumonde.com\/en\/wp-json\/wp\/v2\/media?parent=1654"}],"curies":[{"name":"wp","href":"https:\/\/api.w.org\/{rel}","templated":true}]}}