{"id":1669,"date":"2023-01-25T15:37:56","date_gmt":"2023-01-25T14:37:56","guid":{"rendered":"http:\/\/www.loiseaumonde.com\/?page_id=1669"},"modified":"2025-10-23T14:50:29","modified_gmt":"2025-10-23T13:50:29","slug":"le-panse-coeur-2","status":"publish","type":"page","link":"https:\/\/www.loiseaumonde.com\/en\/le-panse-coeur-2\/","title":{"rendered":"LE PANSE-COEUR"},"content":{"rendered":"\t\t<div data-elementor-type=\"wp-page\" data-elementor-id=\"1669\" class=\"elementor elementor-1669\">\n\t\t\t\t\t\t<section class=\"elementor-section elementor-top-section elementor-element elementor-element-ad52641 elementor-section-boxed elementor-section-height-default elementor-section-height-default\" data-id=\"ad52641\" data-element_type=\"section\">\n\t\t\t\t\t\t<div class=\"elementor-container elementor-column-gap-default\">\n\t\t\t\t\t<div class=\"elementor-column elementor-col-100 elementor-top-column elementor-element elementor-element-51e2971\" data-id=\"51e2971\" data-element_type=\"column\">\n\t\t\t<div class=\"elementor-widget-wrap elementor-element-populated\">\n\t\t\t\t\t\t<div class=\"elementor-element elementor-element-8c52d6e elementor-widget elementor-widget-heading\" data-id=\"8c52d6e\" data-element_type=\"widget\" data-widget_type=\"heading.default\">\n\t\t\t\t<div class=\"elementor-widget-container\">\n\t\t\t\t\t<h2 class=\"elementor-heading-title elementor-size-default\">LE PANSE-COEUR<\/h2>\t\t\t\t<\/div>\n\t\t\t\t<\/div>\n\t\t\t\t\t<\/div>\n\t\t<\/div>\n\t\t\t\t\t<\/div>\n\t\t<\/section>\n\t\t\t\t<section class=\"elementor-section elementor-top-section elementor-element elementor-element-cc5ac62 elementor-section-boxed elementor-section-height-default elementor-section-height-default\" data-id=\"cc5ac62\" data-element_type=\"section\">\n\t\t\t\t\t\t<div class=\"elementor-container elementor-column-gap-default\">\n\t\t\t\t\t<div class=\"elementor-column elementor-col-100 elementor-top-column elementor-element elementor-element-b8f4a7f\" data-id=\"b8f4a7f\" data-element_type=\"column\">\n\t\t\t<div class=\"elementor-widget-wrap elementor-element-populated\">\n\t\t\t\t\t\t<div class=\"elementor-element elementor-element-ad0c1bb elementor-widget elementor-widget-text-editor\" data-id=\"ad0c1bb\" data-element_type=\"widget\" data-widget_type=\"text-editor.default\">\n\t\t\t\t<div class=\"elementor-widget-container\">\n\t\t\t\t\t\t\t\t\t<p>Exp\u00e9rience musicale, th\u00e9\u00e2trale, bric-\u00e0-brac-ale<\/p>\t\t\t\t\t\t\t\t<\/div>\n\t\t\t\t<\/div>\n\t\t\t\t\t<\/div>\n\t\t<\/div>\n\t\t\t\t\t<\/div>\n\t\t<\/section>\n\t\t\t\t<section class=\"elementor-section elementor-top-section elementor-element elementor-element-ff6344d elementor-section-boxed elementor-section-height-default elementor-section-height-default\" data-id=\"ff6344d\" data-element_type=\"section\">\n\t\t\t\t\t\t<div class=\"elementor-container elementor-column-gap-default\">\n\t\t\t\t\t<div class=\"elementor-column elementor-col-100 elementor-top-column elementor-element elementor-element-1c24109\" data-id=\"1c24109\" data-element_type=\"column\">\n\t\t\t<div class=\"elementor-widget-wrap elementor-element-populated\">\n\t\t\t\t\t\t<div class=\"elementor-element elementor-element-54a32b6 elementor-widget elementor-widget-text-editor\" data-id=\"54a32b6\" data-element_type=\"widget\" data-widget_type=\"text-editor.default\">\n\t\t\t\t<div class=\"elementor-widget-container\">\n\t\t\t\t\t\t\t\t\t<p><strong>Tout public \u00e0 partir de 6 ans<\/strong><\/p>\t\t\t\t\t\t\t\t<\/div>\n\t\t\t\t<\/div>\n\t\t\t\t\t<\/div>\n\t\t<\/div>\n\t\t\t\t\t<\/div>\n\t\t<\/section>\n\t\t\t\t<section class=\"elementor-section elementor-top-section elementor-element elementor-element-3b547ce elementor-section-boxed elementor-section-height-default elementor-section-height-default\" data-id=\"3b547ce\" data-element_type=\"section\">\n\t\t\t\t\t\t<div class=\"elementor-container elementor-column-gap-default\">\n\t\t\t\t\t<div class=\"elementor-column elementor-col-100 elementor-top-column elementor-element elementor-element-d94e1d6\" data-id=\"d94e1d6\" data-element_type=\"column\">\n\t\t\t<div class=\"elementor-widget-wrap elementor-element-populated\">\n\t\t\t\t\t\t<div class=\"elementor-element elementor-element-71eda12 elementor-widget elementor-widget-image\" data-id=\"71eda12\" data-element_type=\"widget\" data-widget_type=\"image.default\">\n\t\t\t\t<div class=\"elementor-widget-container\">\n\t\t\t\t\t\t\t\t\t\t\t\t\t\t\t<img fetchpriority=\"high\" decoding=\"async\" width=\"724\" height=\"1024\" src=\"https:\/\/www.loiseaumonde.com\/wp-content\/uploads\/2025\/05\/Affiche-Panse-coeur-2025Le-Panse-Coeur-1-724x1024.png\" class=\"attachment-large size-large wp-image-2117\" alt=\"\" srcset=\"https:\/\/www.loiseaumonde.com\/wp-content\/uploads\/2025\/05\/Affiche-Panse-coeur-2025Le-Panse-Coeur-1-724x1024.png 724w, https:\/\/www.loiseaumonde.com\/wp-content\/uploads\/2025\/05\/Affiche-Panse-coeur-2025Le-Panse-Coeur-1-212x300.png 212w, https:\/\/www.loiseaumonde.com\/wp-content\/uploads\/2025\/05\/Affiche-Panse-coeur-2025Le-Panse-Coeur-1-768x1086.png 768w, https:\/\/www.loiseaumonde.com\/wp-content\/uploads\/2025\/05\/Affiche-Panse-coeur-2025Le-Panse-Coeur-1-1086x1536.png 1086w, https:\/\/www.loiseaumonde.com\/wp-content\/uploads\/2025\/05\/Affiche-Panse-coeur-2025Le-Panse-Coeur-1-1448x2048.png 1448w, https:\/\/www.loiseaumonde.com\/wp-content\/uploads\/2025\/05\/Affiche-Panse-coeur-2025Le-Panse-Coeur-1-750x1061.png 750w, https:\/\/www.loiseaumonde.com\/wp-content\/uploads\/2025\/05\/Affiche-Panse-coeur-2025Le-Panse-Coeur-1-400x566.png 400w, https:\/\/www.loiseaumonde.com\/wp-content\/uploads\/2025\/05\/Affiche-Panse-coeur-2025Le-Panse-Coeur-1-430x608.png 430w, https:\/\/www.loiseaumonde.com\/wp-content\/uploads\/2025\/05\/Affiche-Panse-coeur-2025Le-Panse-Coeur-1-150x212.png 150w, https:\/\/www.loiseaumonde.com\/wp-content\/uploads\/2025\/05\/Affiche-Panse-coeur-2025Le-Panse-Coeur-1-100x141.png 100w, https:\/\/www.loiseaumonde.com\/wp-content\/uploads\/2025\/05\/Affiche-Panse-coeur-2025Le-Panse-Coeur-1.png 1587w\" sizes=\"(max-width: 724px) 100vw, 724px\" \/>\t\t\t\t\t\t\t\t\t\t\t\t\t\t\t<\/div>\n\t\t\t\t<\/div>\n\t\t\t\t\t<\/div>\n\t\t<\/div>\n\t\t\t\t\t<\/div>\n\t\t<\/section>\n\t\t\t\t<section class=\"elementor-section elementor-top-section elementor-element elementor-element-a0b4baa elementor-section-boxed elementor-section-height-default elementor-section-height-default\" data-id=\"a0b4baa\" data-element_type=\"section\">\n\t\t\t\t\t\t<div class=\"elementor-container elementor-column-gap-default\">\n\t\t\t\t\t<div class=\"elementor-column elementor-col-100 elementor-top-column elementor-element elementor-element-c3b5eb0\" data-id=\"c3b5eb0\" data-element_type=\"column\">\n\t\t\t<div class=\"elementor-widget-wrap elementor-element-populated\">\n\t\t\t\t\t\t<div class=\"elementor-element elementor-element-a08e558 elementor-widget elementor-widget-text-editor\" data-id=\"a08e558\" data-element_type=\"widget\" data-widget_type=\"text-editor.default\">\n\t\t\t\t<div class=\"elementor-widget-container\">\n\t\t\t\t\t\t\t\t\t<p style=\"text-align: left;\"><span style=\"text-align: center;\">Le spectacle, issu du <strong>Panse-Coeur<\/strong>, recueil de contes d\u00e9di\u00e9s aux chagrins de l&#8217;enfance paru aux <strong>\u00e9ditions PourPenser<\/strong> en octobre 2020, offre un moment joyeusement prot\u00e9iforme \u00e0 ces petits spectateurs ; <\/span>en effet, architectur\u00e9 autour d&#8217;ambiances musicales, de compositions originales et de lectures de contes issus de l&#8217;ouvrage \u00e9ponyme, il se d\u00e9ploie au gr\u00e9 des formes emprunt\u00e9es : guitare, voix chant\u00e9e, parl\u00e9e, bruitages, corps engag\u00e9s et manipulation d&#8217;objets. Cet environnement plastique, pens\u00e9 comme une f\u00eate douce, se veut \u00eatre au service de l&#8217;\u00e9vocation, de la transmission et du partage vrai.<\/p>\t\t\t\t\t\t\t\t<\/div>\n\t\t\t\t<\/div>\n\t\t\t\t\t<\/div>\n\t\t<\/div>\n\t\t\t\t\t<\/div>\n\t\t<\/section>\n\t\t\t\t<section class=\"elementor-section elementor-top-section elementor-element elementor-element-48740e5 elementor-section-boxed elementor-section-height-default elementor-section-height-default\" data-id=\"48740e5\" data-element_type=\"section\">\n\t\t\t\t\t\t<div class=\"elementor-container elementor-column-gap-default\">\n\t\t\t\t\t<div class=\"elementor-column elementor-col-100 elementor-top-column elementor-element elementor-element-7dba752\" data-id=\"7dba752\" data-element_type=\"column\">\n\t\t\t<div class=\"elementor-widget-wrap elementor-element-populated\">\n\t\t\t\t\t\t<div class=\"elementor-element elementor-element-d62f55c elementor-widget elementor-widget-text-editor\" data-id=\"d62f55c\" data-element_type=\"widget\" data-widget_type=\"text-editor.default\">\n\t\t\t\t<div class=\"elementor-widget-container\">\n\t\t\t\t\t\t\t\t\t<p><strong>Texte e<\/strong><strong style=\"color: var( --e-global-color-text ); font-family: var( --e-global-typography-text-font-family ); font-size: 16px;\">t mise en sc\u00e8ne : <\/strong>Alexandra Lucchesi<\/p><p><strong style=\"color: var( --e-global-color-text ); font-family: var( --e-global-typography-text-font-family );\">Avec :\u00a0<\/strong><\/p><p>Lison Goillot<\/p><p>Kiss\u00e9<\/p><p>Alexandra Lucch\u00e9si<\/p><p><b>Cr\u00e9ation sonore et musicale : <\/b>Kiss\u00e9<\/p>\t\t\t\t\t\t\t\t<\/div>\n\t\t\t\t<\/div>\n\t\t\t\t\t<\/div>\n\t\t<\/div>\n\t\t\t\t\t<\/div>\n\t\t<\/section>\n\t\t\t\t<section class=\"elementor-section elementor-top-section elementor-element elementor-element-5b64f5e elementor-section-boxed elementor-section-height-default elementor-section-height-default\" data-id=\"5b64f5e\" data-element_type=\"section\">\n\t\t\t\t\t\t<div class=\"elementor-container elementor-column-gap-default\">\n\t\t\t\t\t<div class=\"elementor-column elementor-col-100 elementor-top-column elementor-element elementor-element-60ba29d\" data-id=\"60ba29d\" data-element_type=\"column\">\n\t\t\t<div class=\"elementor-widget-wrap elementor-element-populated\">\n\t\t\t\t\t\t<div class=\"elementor-element elementor-element-37a5f81 elementor-button-info elementor-align-center elementor-widget elementor-widget-button\" data-id=\"37a5f81\" data-element_type=\"widget\" data-widget_type=\"button.default\">\n\t\t\t\t<div class=\"elementor-widget-container\">\n\t\t\t\t\t\t\t\t\t<div class=\"elementor-button-wrapper\">\n\t\t\t\t\t<a class=\"elementor-button elementor-button-link elementor-size-md\" href=\"https:\/\/www.loiseaumonde.com\/wp-content\/uploads\/2025\/10\/Dossie-Le-Panse-Coeur-2025-2026.pdf\">\n\t\t\t\t\t\t<span class=\"elementor-button-content-wrapper\">\n\t\t\t\t\t\t\t\t\t<span class=\"elementor-button-text\">Dossier de diffusion Le Panse-Coeur<\/span>\n\t\t\t\t\t<\/span>\n\t\t\t\t\t<\/a>\n\t\t\t\t<\/div>\n\t\t\t\t\t\t\t\t<\/div>\n\t\t\t\t<\/div>\n\t\t\t\t\t<\/div>\n\t\t<\/div>\n\t\t\t\t\t<\/div>\n\t\t<\/section>\n\t\t\t\t<section class=\"elementor-section elementor-top-section elementor-element elementor-element-0ab9df2 elementor-section-boxed elementor-section-height-default elementor-section-height-default\" data-id=\"0ab9df2\" data-element_type=\"section\">\n\t\t\t\t\t\t<div class=\"elementor-container elementor-column-gap-default\">\n\t\t\t\t\t<div class=\"elementor-column elementor-col-100 elementor-top-column elementor-element elementor-element-7bbb240\" data-id=\"7bbb240\" data-element_type=\"column\">\n\t\t\t<div class=\"elementor-widget-wrap elementor-element-populated\">\n\t\t\t\t\t\t<div class=\"elementor-element elementor-element-550122c elementor-widget elementor-widget-heading\" data-id=\"550122c\" data-element_type=\"widget\" data-widget_type=\"heading.default\">\n\t\t\t\t<div class=\"elementor-widget-container\">\n\t\t\t\t\t<h2 class=\"elementor-heading-title elementor-size-default\"><h4 data-elementor-setting-key=\"title\" data-pen-placeholder=\"\u00c9crivez ici...\" style=\"font-family: var( --e-global-typography-primary-font-family );font-weight: var( --e-global-typography-primary-font-weight )\">LIENS CHANSONS LE PANSE-COEUR<\/h4><\/h2>\t\t\t\t<\/div>\n\t\t\t\t<\/div>\n\t\t\t\t<div class=\"elementor-element elementor-element-427884d elementor-widget elementor-widget-audio\" data-id=\"427884d\" data-element_type=\"widget\" data-widget_type=\"audio.default\">\n\t\t\t\t<div class=\"elementor-widget-container\">\n\t\t\t\t\t\t\t\t<div class=\"elementor-soundcloud-wrapper\">\n\t\t\t\t<iframe width=\"1140\" height=\"200\" frameborder=\"no\" src=\"https:\/\/w.soundcloud.com\/player\/?visual=false&#038;url=https%3A%2F%2Fapi.soundcloud.com%2Ftracks%2F978899404&#038;show_artwork=true&#038;maxheight=1000&#038;maxwidth=1140&#038;auto_play=false&#038;buying=true&#038;liking=true&#038;download=true&#038;sharing=true&#038;show_comments=true&#038;show_playcount=true&#038;show_user=true&#038;color\"><\/iframe>\t\t\t<\/div>\n\t\t\t\t\t\t\t<\/div>\n\t\t\t\t<\/div>\n\t\t\t\t<div class=\"elementor-element elementor-element-1006962 elementor-widget elementor-widget-audio\" data-id=\"1006962\" data-element_type=\"widget\" data-widget_type=\"audio.default\">\n\t\t\t\t<div class=\"elementor-widget-container\">\n\t\t\t\t\t\t\t\t<div class=\"elementor-soundcloud-wrapper\">\n\t\t\t\t<iframe width=\"1140\" height=\"200\" frameborder=\"no\" src=\"https:\/\/w.soundcloud.com\/player\/?visual=false&#038;url=https%3A%2F%2Fapi.soundcloud.com%2Ftracks%2F979013029&#038;show_artwork=true&#038;maxheight=1000&#038;maxwidth=1140&#038;auto_play=false&#038;buying=true&#038;liking=true&#038;download=true&#038;sharing=true&#038;show_comments=true&#038;show_playcount=true&#038;show_user=true&#038;color\"><\/iframe>\t\t\t<\/div>\n\t\t\t\t\t\t\t<\/div>\n\t\t\t\t<\/div>\n\t\t\t\t<div class=\"elementor-element elementor-element-c16ccf9 elementor-widget elementor-widget-spacer\" data-id=\"c16ccf9\" data-element_type=\"widget\" data-widget_type=\"spacer.default\">\n\t\t\t\t<div class=\"elementor-widget-container\">\n\t\t\t\t\t\t\t<div class=\"elementor-spacer\">\n\t\t\t<div class=\"elementor-spacer-inner\"><\/div>\n\t\t<\/div>\n\t\t\t\t\t\t<\/div>\n\t\t\t\t<\/div>\n\t\t\t\t\t<\/div>\n\t\t<\/div>\n\t\t\t\t\t<\/div>\n\t\t<\/section>\n\t\t\t\t<\/div>\n\t\t","protected":false},"excerpt":{"rendered":"<p>LE PANSE-COEUR Exp\u00e9rience musicale, th\u00e9\u00e2trale, bric-\u00e0-brac-ale Tout public \u00e0 partir de 6 ans Le spectacle, issu du Panse-Coeur, recueil de contes d\u00e9di\u00e9s aux chagrins de l&#8217;enfance paru aux \u00e9ditions PourPenser [&hellip;]<\/p>\n","protected":false},"author":1,"featured_media":0,"parent":0,"menu_order":3,"comment_status":"closed","ping_status":"open","template":"","meta":{"footnotes":""},"class_list":["post-1669","page","type-page","status-publish","hentry"],"_links":{"self":[{"href":"https:\/\/www.loiseaumonde.com\/en\/wp-json\/wp\/v2\/pages\/1669","targetHints":{"allow":["GET"]}}],"collection":[{"href":"https:\/\/www.loiseaumonde.com\/en\/wp-json\/wp\/v2\/pages"}],"about":[{"href":"https:\/\/www.loiseaumonde.com\/en\/wp-json\/wp\/v2\/types\/page"}],"author":[{"embeddable":true,"href":"https:\/\/www.loiseaumonde.com\/en\/wp-json\/wp\/v2\/users\/1"}],"replies":[{"embeddable":true,"href":"https:\/\/www.loiseaumonde.com\/en\/wp-json\/wp\/v2\/comments?post=1669"}],"version-history":[{"count":14,"href":"https:\/\/www.loiseaumonde.com\/en\/wp-json\/wp\/v2\/pages\/1669\/revisions"}],"predecessor-version":[{"id":2174,"href":"https:\/\/www.loiseaumonde.com\/en\/wp-json\/wp\/v2\/pages\/1669\/revisions\/2174"}],"wp:attachment":[{"href":"https:\/\/www.loiseaumonde.com\/en\/wp-json\/wp\/v2\/media?parent=1669"}],"curies":[{"name":"wp","href":"https:\/\/api.w.org\/{rel}","templated":true}]}}