{"id":1674,"date":"2023-01-25T16:45:19","date_gmt":"2023-01-25T15:45:19","guid":{"rendered":"http:\/\/www.loiseaumonde.com\/?page_id=1674"},"modified":"2025-06-06T12:14:01","modified_gmt":"2025-06-06T11:14:01","slug":"un-dromadaire-en-democratie","status":"publish","type":"page","link":"https:\/\/www.loiseaumonde.com\/en\/un-dromadaire-en-democratie\/","title":{"rendered":"UN DROMADAIRE EN DEMOCARTIE"},"content":{"rendered":"\t\t<div data-elementor-type=\"wp-page\" data-elementor-id=\"1674\" class=\"elementor elementor-1674\">\n\t\t\t\t\t\t<section class=\"elementor-section elementor-top-section elementor-element elementor-element-5e187ee elementor-section-boxed elementor-section-height-default elementor-section-height-default\" data-id=\"5e187ee\" data-element_type=\"section\">\n\t\t\t\t\t\t<div class=\"elementor-container elementor-column-gap-default\">\n\t\t\t\t\t<div class=\"elementor-column elementor-col-100 elementor-top-column elementor-element elementor-element-72f5b7b\" data-id=\"72f5b7b\" data-element_type=\"column\">\n\t\t\t<div class=\"elementor-widget-wrap elementor-element-populated\">\n\t\t\t\t\t\t<div class=\"elementor-element elementor-element-6528529 elementor-widget elementor-widget-heading\" data-id=\"6528529\" data-element_type=\"widget\" data-widget_type=\"heading.default\">\n\t\t\t\t<div class=\"elementor-widget-container\">\n\t\t\t\t\t<h2 class=\"elementor-heading-title elementor-size-default\">UN DROMADAIRE EN DEMOCRATIE<\/h2>\t\t\t\t<\/div>\n\t\t\t\t<\/div>\n\t\t\t\t\t<\/div>\n\t\t<\/div>\n\t\t\t\t\t<\/div>\n\t\t<\/section>\n\t\t\t\t<section class=\"elementor-section elementor-top-section elementor-element elementor-element-a9b4733 elementor-section-boxed elementor-section-height-default elementor-section-height-default\" data-id=\"a9b4733\" data-element_type=\"section\">\n\t\t\t\t\t\t<div class=\"elementor-container elementor-column-gap-default\">\n\t\t\t\t\t<div class=\"elementor-column elementor-col-100 elementor-top-column elementor-element elementor-element-df8b002\" data-id=\"df8b002\" data-element_type=\"column\">\n\t\t\t<div class=\"elementor-widget-wrap elementor-element-populated\">\n\t\t\t\t\t\t<div class=\"elementor-element elementor-element-f5e5710 elementor-widget elementor-widget-heading\" data-id=\"f5e5710\" data-element_type=\"widget\" data-widget_type=\"heading.default\">\n\t\t\t\t<div class=\"elementor-widget-container\">\n\t\t\t\t\t<h4 class=\"elementor-heading-title elementor-size-default\">Cr\u00e9ation<\/h4>\t\t\t\t<\/div>\n\t\t\t\t<\/div>\n\t\t\t\t\t<\/div>\n\t\t<\/div>\n\t\t\t\t\t<\/div>\n\t\t<\/section>\n\t\t\t\t<section class=\"elementor-section elementor-top-section elementor-element elementor-element-83a071e elementor-section-boxed elementor-section-height-default elementor-section-height-default\" data-id=\"83a071e\" data-element_type=\"section\">\n\t\t\t\t\t\t<div class=\"elementor-container elementor-column-gap-default\">\n\t\t\t\t\t<div class=\"elementor-column elementor-col-100 elementor-top-column elementor-element elementor-element-5860997\" data-id=\"5860997\" data-element_type=\"column\">\n\t\t\t<div class=\"elementor-widget-wrap elementor-element-populated\">\n\t\t\t\t\t\t<div class=\"elementor-element elementor-element-2a4d8ab elementor-widget elementor-widget-image\" data-id=\"2a4d8ab\" data-element_type=\"widget\" data-widget_type=\"image.default\">\n\t\t\t\t<div class=\"elementor-widget-container\">\n\t\t\t\t\t\t\t\t\t\t\t\t\t\t\t<img fetchpriority=\"high\" decoding=\"async\" width=\"724\" height=\"1024\" src=\"https:\/\/www.loiseaumonde.com\/wp-content\/uploads\/2025\/05\/Un-dromadaire-en-democratie-724x1024.png\" class=\"attachment-large size-large wp-image-2067\" alt=\"\" srcset=\"https:\/\/www.loiseaumonde.com\/wp-content\/uploads\/2025\/05\/Un-dromadaire-en-democratie-724x1024.png 724w, https:\/\/www.loiseaumonde.com\/wp-content\/uploads\/2025\/05\/Un-dromadaire-en-democratie-212x300.png 212w, https:\/\/www.loiseaumonde.com\/wp-content\/uploads\/2025\/05\/Un-dromadaire-en-democratie-768x1086.png 768w, https:\/\/www.loiseaumonde.com\/wp-content\/uploads\/2025\/05\/Un-dromadaire-en-democratie-1086x1536.png 1086w, https:\/\/www.loiseaumonde.com\/wp-content\/uploads\/2025\/05\/Un-dromadaire-en-democratie-1448x2048.png 1448w, https:\/\/www.loiseaumonde.com\/wp-content\/uploads\/2025\/05\/Un-dromadaire-en-democratie-750x1061.png 750w, https:\/\/www.loiseaumonde.com\/wp-content\/uploads\/2025\/05\/Un-dromadaire-en-democratie-400x566.png 400w, https:\/\/www.loiseaumonde.com\/wp-content\/uploads\/2025\/05\/Un-dromadaire-en-democratie-430x608.png 430w, https:\/\/www.loiseaumonde.com\/wp-content\/uploads\/2025\/05\/Un-dromadaire-en-democratie-150x212.png 150w, https:\/\/www.loiseaumonde.com\/wp-content\/uploads\/2025\/05\/Un-dromadaire-en-democratie-100x141.png 100w, https:\/\/www.loiseaumonde.com\/wp-content\/uploads\/2025\/05\/Un-dromadaire-en-democratie.png 1587w\" sizes=\"(max-width: 724px) 100vw, 724px\" \/>\t\t\t\t\t\t\t\t\t\t\t\t\t\t\t<\/div>\n\t\t\t\t<\/div>\n\t\t\t\t<div class=\"elementor-element elementor-element-e812d20 elementor-widget elementor-widget-text-editor\" data-id=\"e812d20\" data-element_type=\"widget\" data-widget_type=\"text-editor.default\">\n\t\t\t\t<div class=\"elementor-widget-container\">\n\t\t\t\t\t\t\t\t\t<h2 style=\"text-align: left;\"><span style=\"font-size: 24px; text-align: left;\">En quelques mots<\/span><\/h2><p>Ce seul en sc\u00e8ne \u2013 \u00e0 la distribution plurielle- est une fable sur la d\u00e9mocratie, qui l\u2019\u00e9voque sans jamais la circonscrire vraiment. A quoi bon\u00a0?<\/p><p>R\u00e9jouissons-nous plut\u00f4t autour de cette fresque dr\u00f4le sur le monde comme il va, rions pour faire un contrepoids d\u00e9cent aux discours politiques et aux n\u00e9ants dont ils sont tricot\u00e9s,<\/p><p>Car apr\u00e8s le rire, parfois, viennent la profondeur et la beaut\u00e9 vibrante d\u2019une pens\u00e9e partag\u00e9e.<\/p><h3 style=\"text-align: left;\" align=\"CENTER\">Extrait<\/h3><p><span style=\"font-weight: bold;\">Un homme,\u00a0<\/span><i>courant\u00a0:<\/i><\/p><p>Je voudrais vous demander ce qu\u2019est pour vous la d\u00e9mocratie.<\/p><p><span style=\"font-weight: bold;\">Un commer\u00e7ant press\u00e9\u00a0:<\/span><\/p><p>Voyons voir.<\/p><p><i>Un temps.<\/i><\/p><p>La d\u00e9mocratie est au peuple ce que les n\u00e9ons sont aux grands magasins\u00a0: une n\u00e9cessit\u00e9 qui luit.<\/p><p><span style=\"font-weight: bold;\">Un homme\u00a0:<\/span><\/p><p>C\u2019est votre d\u00e9finition\u00a0?<\/p><p><span style=\"font-weight: bold;\">Un commer\u00e7ant press\u00e9\u00a0:<\/span><\/p><p>Ah non, c\u2019est plus que \u00e7a\u00a0: c\u2019est un slogan.<\/p><p><span style=\"font-weight: bold;\">Un homme<\/span><i>\u00a0<\/i>:<\/p><p>Hors de ma vue\u00a0!<\/p>\t\t\t\t\t\t\t\t<\/div>\n\t\t\t\t<\/div>\n\t\t\t\t<div class=\"elementor-element elementor-element-4a187e1 elementor-align-center elementor-widget elementor-widget-button\" data-id=\"4a187e1\" data-element_type=\"widget\" data-widget_type=\"button.default\">\n\t\t\t\t<div class=\"elementor-widget-container\">\n\t\t\t\t\t\t\t\t\t<div class=\"elementor-button-wrapper\">\n\t\t\t\t\t<a class=\"elementor-button elementor-button-link elementor-size-sm\" href=\"https:\/\/www.loiseaumonde.com\/wp-content\/uploads\/2025\/06\/Dossier-de-diffusion-Un-dromadaire-en-democartie-2025.pdf\">\n\t\t\t\t\t\t<span class=\"elementor-button-content-wrapper\">\n\t\t\t\t\t\t\t\t\t<span class=\"elementor-button-text\">Dossier de diffusion Un Dromadaire en D\u00e9mocratie<\/span>\n\t\t\t\t\t<\/span>\n\t\t\t\t\t<\/a>\n\t\t\t\t<\/div>\n\t\t\t\t\t\t\t\t<\/div>\n\t\t\t\t<\/div>\n\t\t\t\t\t<\/div>\n\t\t<\/div>\n\t\t\t\t\t<\/div>\n\t\t<\/section>\n\t\t\t\t<\/div>\n\t\t","protected":false},"excerpt":{"rendered":"<p>UN DROMADAIRE EN DEMOCRATIE Cr\u00e9ation En quelques mots Ce seul en sc\u00e8ne \u2013 \u00e0 la distribution plurielle- est une fable sur la d\u00e9mocratie, qui l\u2019\u00e9voque sans jamais la circonscrire vraiment. [&hellip;]<\/p>\n","protected":false},"author":1,"featured_media":0,"parent":0,"menu_order":3,"comment_status":"closed","ping_status":"open","template":"","meta":{"footnotes":""},"class_list":["post-1674","page","type-page","status-publish","hentry"],"_links":{"self":[{"href":"https:\/\/www.loiseaumonde.com\/en\/wp-json\/wp\/v2\/pages\/1674","targetHints":{"allow":["GET"]}}],"collection":[{"href":"https:\/\/www.loiseaumonde.com\/en\/wp-json\/wp\/v2\/pages"}],"about":[{"href":"https:\/\/www.loiseaumonde.com\/en\/wp-json\/wp\/v2\/types\/page"}],"author":[{"embeddable":true,"href":"https:\/\/www.loiseaumonde.com\/en\/wp-json\/wp\/v2\/users\/1"}],"replies":[{"embeddable":true,"href":"https:\/\/www.loiseaumonde.com\/en\/wp-json\/wp\/v2\/comments?post=1674"}],"version-history":[{"count":4,"href":"https:\/\/www.loiseaumonde.com\/en\/wp-json\/wp\/v2\/pages\/1674\/revisions"}],"predecessor-version":[{"id":2155,"href":"https:\/\/www.loiseaumonde.com\/en\/wp-json\/wp\/v2\/pages\/1674\/revisions\/2155"}],"wp:attachment":[{"href":"https:\/\/www.loiseaumonde.com\/en\/wp-json\/wp\/v2\/media?parent=1674"}],"curies":[{"name":"wp","href":"https:\/\/api.w.org\/{rel}","templated":true}]}}