{"id":1687,"date":"2023-01-25T18:05:20","date_gmt":"2023-01-25T17:05:20","guid":{"rendered":"http:\/\/www.loiseaumonde.com\/?page_id=1687"},"modified":"2024-11-25T12:19:58","modified_gmt":"2024-11-25T11:19:58","slug":"en-creation","status":"publish","type":"page","link":"https:\/\/www.loiseaumonde.com\/en\/en-creation\/","title":{"rendered":"EN CREATION"},"content":{"rendered":"\t\t<div data-elementor-type=\"wp-page\" data-elementor-id=\"1687\" class=\"elementor elementor-1687\">\n\t\t\t\t\t\t<section class=\"elementor-section elementor-top-section elementor-element elementor-element-e06ca60 elementor-section-boxed elementor-section-height-default elementor-section-height-default\" data-id=\"e06ca60\" data-element_type=\"section\">\n\t\t\t\t\t\t<div class=\"elementor-container elementor-column-gap-default\">\n\t\t\t\t\t<div class=\"elementor-column elementor-col-100 elementor-top-column elementor-element elementor-element-8e566e9\" data-id=\"8e566e9\" data-element_type=\"column\">\n\t\t\t<div class=\"elementor-widget-wrap elementor-element-populated\">\n\t\t\t\t\t\t<div class=\"elementor-element elementor-element-e8486b0 elementor-widget elementor-widget-image\" data-id=\"e8486b0\" data-element_type=\"widget\" data-widget_type=\"image.default\">\n\t\t\t\t<div class=\"elementor-widget-container\">\n\t\t\t\t\t\t\t\t\t\t\t\t\t\t\t<img fetchpriority=\"high\" decoding=\"async\" width=\"724\" height=\"1024\" src=\"https:\/\/www.loiseaumonde.com\/wp-content\/uploads\/2024\/11\/VISU-AVEC-LOGO-ORPHEA-3-724x1024.png\" class=\"attachment-large size-large wp-image-1866\" alt=\"\" srcset=\"https:\/\/www.loiseaumonde.com\/wp-content\/uploads\/2024\/11\/VISU-AVEC-LOGO-ORPHEA-3-724x1024.png 724w, https:\/\/www.loiseaumonde.com\/wp-content\/uploads\/2024\/11\/VISU-AVEC-LOGO-ORPHEA-3-212x300.png 212w, https:\/\/www.loiseaumonde.com\/wp-content\/uploads\/2024\/11\/VISU-AVEC-LOGO-ORPHEA-3-768x1086.png 768w, https:\/\/www.loiseaumonde.com\/wp-content\/uploads\/2024\/11\/VISU-AVEC-LOGO-ORPHEA-3-1086x1536.png 1086w, https:\/\/www.loiseaumonde.com\/wp-content\/uploads\/2024\/11\/VISU-AVEC-LOGO-ORPHEA-3-1448x2048.png 1448w, https:\/\/www.loiseaumonde.com\/wp-content\/uploads\/2024\/11\/VISU-AVEC-LOGO-ORPHEA-3-750x1061.png 750w, https:\/\/www.loiseaumonde.com\/wp-content\/uploads\/2024\/11\/VISU-AVEC-LOGO-ORPHEA-3-400x566.png 400w, https:\/\/www.loiseaumonde.com\/wp-content\/uploads\/2024\/11\/VISU-AVEC-LOGO-ORPHEA-3-430x608.png 430w, https:\/\/www.loiseaumonde.com\/wp-content\/uploads\/2024\/11\/VISU-AVEC-LOGO-ORPHEA-3-150x212.png 150w, https:\/\/www.loiseaumonde.com\/wp-content\/uploads\/2024\/11\/VISU-AVEC-LOGO-ORPHEA-3-100x141.png 100w, https:\/\/www.loiseaumonde.com\/wp-content\/uploads\/2024\/11\/VISU-AVEC-LOGO-ORPHEA-3.png 1587w\" sizes=\"(max-width: 724px) 100vw, 724px\" \/>\t\t\t\t\t\t\t\t\t\t\t\t\t\t\t<\/div>\n\t\t\t\t<\/div>\n\t\t\t\t\t<\/div>\n\t\t<\/div>\n\t\t\t\t\t<\/div>\n\t\t<\/section>\n\t\t\t\t<section class=\"elementor-section elementor-top-section elementor-element elementor-element-75507cb elementor-section-boxed elementor-section-height-default elementor-section-height-default\" data-id=\"75507cb\" data-element_type=\"section\">\n\t\t\t\t\t\t<div class=\"elementor-container elementor-column-gap-default\">\n\t\t\t\t\t<div class=\"elementor-column elementor-col-100 elementor-top-column elementor-element elementor-element-a7c618b\" data-id=\"a7c618b\" data-element_type=\"column\">\n\t\t\t<div class=\"elementor-widget-wrap elementor-element-populated\">\n\t\t\t\t\t\t<div class=\"elementor-element elementor-element-2f5259f elementor-widget-divider--separator-type-pattern elementor-widget-divider--no-spacing elementor-widget-divider--view-line elementor-widget elementor-widget-divider\" data-id=\"2f5259f\" data-element_type=\"widget\" data-widget_type=\"divider.default\">\n\t\t\t\t<div class=\"elementor-widget-container\">\n\t\t\t\t\t\t\t<div class=\"elementor-divider\" style=\"--divider-pattern-url: url(&quot;data:image\/svg+xml,%3Csvg xmlns=&#039;http:\/\/www.w3.org\/2000\/svg&#039; preserveAspectRatio=&#039;xMidYMid meet&#039; overflow=&#039;visible&#039; height=&#039;100%&#039; viewBox=&#039;0 0 126 26&#039; fill=&#039;black&#039; stroke=&#039;none&#039;%3E%3Cpath d=&#039;M3,10.2c2.6,0,2.6,2,2.6,3.2S4.4,16.5,3,16.5s-3-1.4-3-3.2S0.4,10.2,3,10.2z M18.8,10.2c1.7,0,3.2,1.4,3.2,3.2s-1.4,3.2-3.2,3.2c-1.7,0-3.2-1.4-3.2-3.2S17,10.2,18.8,10.2z M34.6,10.2c1.5,0,2.6,1.4,2.6,3.2s-0.5,3.2-1.9,3.2c-1.5,0-3.4-1.4-3.4-3.2S33.1,10.2,34.6,10.2z M50.5,10.2c1.7,0,3.2,1.4,3.2,3.2s-1.4,3.2-3.2,3.2c-1.7,0-3.3-0.9-3.3-2.6S48.7,10.2,50.5,10.2z M66.2,10.2c1.5,0,3.4,1.4,3.4,3.2s-1.9,3.2-3.4,3.2c-1.5,0-2.6-0.4-2.6-2.1S64.8,10.2,66.2,10.2z M82.2,10.2c1.7,0.8,2.6,1.4,2.6,3.2s-0.1,3.2-1.6,3.2c-1.5,0-3.7-1.4-3.7-3.2S80.5,9.4,82.2,10.2zM98.6,10.2c1.5,0,2.6,0.4,2.6,2.1s-1.2,4.2-2.6,4.2c-1.5,0-3.7-0.4-3.7-2.1S97.1,10.2,98.6,10.2z M113.4,10.2c1.2,0,2.2,0.9,2.2,3.2s-0.1,3.2-1.3,3.2s-3.1-1.4-3.1-3.2S112.2,10.2,113.4,10.2z&#039;\/%3E%3C\/svg%3E&quot;);\">\n\t\t\t<span class=\"elementor-divider-separator\">\n\t\t\t\t\t\t<\/span>\n\t\t<\/div>\n\t\t\t\t\t\t<\/div>\n\t\t\t\t<\/div>\n\t\t\t\t\t<\/div>\n\t\t<\/div>\n\t\t\t\t\t<\/div>\n\t\t<\/section>\n\t\t\t\t<section class=\"elementor-section elementor-top-section elementor-element elementor-element-63058d8 elementor-section-boxed elementor-section-height-default elementor-section-height-default\" data-id=\"63058d8\" data-element_type=\"section\">\n\t\t\t\t\t\t<div class=\"elementor-container elementor-column-gap-default\">\n\t\t\t\t\t<div class=\"elementor-column elementor-col-50 elementor-top-column elementor-element elementor-element-85afac3\" data-id=\"85afac3\" data-element_type=\"column\">\n\t\t\t<div class=\"elementor-widget-wrap elementor-element-populated\">\n\t\t\t\t\t\t<div class=\"elementor-element elementor-element-9fc0707 elementor-widget elementor-widget-text-editor\" data-id=\"9fc0707\" data-element_type=\"widget\" data-widget_type=\"text-editor.default\">\n\t\t\t\t<div class=\"elementor-widget-container\">\n\t\t\t\t\t\t\t\t\t<p>Orph\u00e9a 33 est un \u00e9cho contemporain au mythe d&#8217;Orph\u00e9e et d&#8217;Eurydice : frapp\u00e9e par le deuil, une femme\u00a0<span style=\"color: var( --e-global-color-text ); font-family: var( --e-global-typography-text-font-family ); font-weight: var( --e-global-typography-text-font-weight );\">s&#8217;aventure dans les mondes inf\u00e9rieurs pour tenter de dialoguer avec la Mort. C&#8217;est l\u00e0, dans les profondeurs de\u00a0<\/span><span style=\"color: var( --e-global-color-text ); font-family: var( --e-global-typography-text-font-family ); font-weight: var( --e-global-typography-text-font-weight );\">l&#8217;esprit, et malgr\u00e9 la truculence baroque d&#8217;une all\u00e9gorie qui refuse d&#8217;\u00eatre d\u00e9finie, qu&#8217;elle recevra une initiation\u00a0<\/span><span style=\"color: var( --e-global-color-text ); font-family: var( --e-global-typography-text-font-family ); font-weight: var( --e-global-typography-text-font-weight );\">salutaire qui lui r\u00e9apprendra \u00e0 vivre.\u00a0<\/span><\/p>\t\t\t\t\t\t\t\t<\/div>\n\t\t\t\t<\/div>\n\t\t\t\t\t<\/div>\n\t\t<\/div>\n\t\t\t\t<div class=\"elementor-column elementor-col-50 elementor-top-column elementor-element elementor-element-21c87d8\" data-id=\"21c87d8\" data-element_type=\"column\">\n\t\t\t<div class=\"elementor-widget-wrap elementor-element-populated\">\n\t\t\t\t\t\t<div class=\"elementor-element elementor-element-c3cbf6f elementor-widget elementor-widget-image\" data-id=\"c3cbf6f\" data-element_type=\"widget\" data-widget_type=\"image.default\">\n\t\t\t\t<div class=\"elementor-widget-container\">\n\t\t\t\t\t\t\t\t\t\t\t\t\t\t\t<img decoding=\"async\" width=\"770\" height=\"767\" src=\"https:\/\/www.loiseaumonde.com\/wp-content\/uploads\/2023\/01\/ombres.png\" class=\"attachment-large size-large wp-image-1695\" alt=\"\" srcset=\"https:\/\/www.loiseaumonde.com\/wp-content\/uploads\/2023\/01\/ombres.png 770w, https:\/\/www.loiseaumonde.com\/wp-content\/uploads\/2023\/01\/ombres-300x300.png 300w, https:\/\/www.loiseaumonde.com\/wp-content\/uploads\/2023\/01\/ombres-150x149.png 150w, https:\/\/www.loiseaumonde.com\/wp-content\/uploads\/2023\/01\/ombres-768x765.png 768w, https:\/\/www.loiseaumonde.com\/wp-content\/uploads\/2023\/01\/ombres-750x747.png 750w, https:\/\/www.loiseaumonde.com\/wp-content\/uploads\/2023\/01\/ombres-400x398.png 400w, https:\/\/www.loiseaumonde.com\/wp-content\/uploads\/2023\/01\/ombres-430x428.png 430w, https:\/\/www.loiseaumonde.com\/wp-content\/uploads\/2023\/01\/ombres-100x100.png 100w\" sizes=\"(max-width: 770px) 100vw, 770px\" \/>\t\t\t\t\t\t\t\t\t\t\t\t\t\t\t<\/div>\n\t\t\t\t<\/div>\n\t\t\t\t\t<\/div>\n\t\t<\/div>\n\t\t\t\t\t<\/div>\n\t\t<\/section>\n\t\t\t\t<section class=\"elementor-section elementor-top-section elementor-element elementor-element-6951fb2 elementor-section-boxed elementor-section-height-default elementor-section-height-default\" data-id=\"6951fb2\" data-element_type=\"section\">\n\t\t\t\t\t\t<div class=\"elementor-container elementor-column-gap-default\">\n\t\t\t\t\t<div class=\"elementor-column elementor-col-50 elementor-top-column elementor-element elementor-element-c0db332\" data-id=\"c0db332\" data-element_type=\"column\">\n\t\t\t<div class=\"elementor-widget-wrap elementor-element-populated\">\n\t\t\t\t\t\t<div class=\"elementor-element elementor-element-4672859 elementor-widget elementor-widget-image\" data-id=\"4672859\" data-element_type=\"widget\" data-widget_type=\"image.default\">\n\t\t\t\t<div class=\"elementor-widget-container\">\n\t\t\t\t\t\t\t\t\t\t\t\t\t\t\t<img decoding=\"async\" width=\"770\" height=\"770\" src=\"https:\/\/www.loiseaumonde.com\/wp-content\/uploads\/2023\/01\/cafe-philo.png\" class=\"attachment-large size-large wp-image-1696\" alt=\"\" srcset=\"https:\/\/www.loiseaumonde.com\/wp-content\/uploads\/2023\/01\/cafe-philo.png 770w, https:\/\/www.loiseaumonde.com\/wp-content\/uploads\/2023\/01\/cafe-philo-300x300.png 300w, https:\/\/www.loiseaumonde.com\/wp-content\/uploads\/2023\/01\/cafe-philo-150x150.png 150w, https:\/\/www.loiseaumonde.com\/wp-content\/uploads\/2023\/01\/cafe-philo-768x768.png 768w, https:\/\/www.loiseaumonde.com\/wp-content\/uploads\/2023\/01\/cafe-philo-750x750.png 750w, https:\/\/www.loiseaumonde.com\/wp-content\/uploads\/2023\/01\/cafe-philo-400x400.png 400w, https:\/\/www.loiseaumonde.com\/wp-content\/uploads\/2023\/01\/cafe-philo-430x430.png 430w, https:\/\/www.loiseaumonde.com\/wp-content\/uploads\/2023\/01\/cafe-philo-100x100.png 100w\" sizes=\"(max-width: 770px) 100vw, 770px\" \/>\t\t\t\t\t\t\t\t\t\t\t\t\t\t\t<\/div>\n\t\t\t\t<\/div>\n\t\t\t\t\t<\/div>\n\t\t<\/div>\n\t\t\t\t<div class=\"elementor-column elementor-col-50 elementor-top-column elementor-element elementor-element-4969dfc\" data-id=\"4969dfc\" data-element_type=\"column\">\n\t\t\t<div class=\"elementor-widget-wrap elementor-element-populated\">\n\t\t\t\t\t\t<div class=\"elementor-element elementor-element-bdcc136 elementor-widget elementor-widget-text-editor\" data-id=\"bdcc136\" data-element_type=\"widget\" data-widget_type=\"text-editor.default\">\n\t\t\t\t<div class=\"elementor-widget-container\">\n\t\t\t\t\t\t\t\t\t<p><span style=\"color: #1d2228; font-family: Arial, Helvetica, sans-serif; text-align: center;\">Le travail de recherche s&#8217;est effectu\u00e9 sur l&#8217;ann\u00e9e 2022. En effet, pour l&#8217;\u00e9criture de ce spectacle, la compagnie a souhait\u00e9 s&#8217;appuyer sur la parole documentaire r\u00e9colt\u00e9e lors de temps de rencontres, sous la forme de &#8220;caf\u00e9s-philos&#8221; afin d&#8217;amener la r\u00e9flexion et le sujet en douceur. Une r\u00e9sidence d&#8217;\u00e9criture a \u00e9galement eu lieu au Th\u00e9\u00e2tre du Rempart (Semur-en-Auxois) en octobre 2022. Par ailleurs, le projet a \u00e9t\u00e9 pr\u00e9sent\u00e9 au r\u00e9seau Affluences lors de la journ\u00e9e Pr\u00e9mices, le 3 octobre 2022 et sera pr\u00e9sente \u00e0 la grande Affluences le 29 janvier 2024.<\/span><\/p>\t\t\t\t\t\t\t\t<\/div>\n\t\t\t\t<\/div>\n\t\t\t\t\t<\/div>\n\t\t<\/div>\n\t\t\t\t\t<\/div>\n\t\t<\/section>\n\t\t\t\t<section class=\"elementor-section elementor-top-section elementor-element elementor-element-f316df1 elementor-section-boxed elementor-section-height-default elementor-section-height-default\" data-id=\"f316df1\" data-element_type=\"section\">\n\t\t\t\t\t\t<div class=\"elementor-container elementor-column-gap-default\">\n\t\t\t\t\t<div class=\"elementor-column elementor-col-100 elementor-top-column elementor-element elementor-element-2922d6b\" data-id=\"2922d6b\" data-element_type=\"column\">\n\t\t\t<div class=\"elementor-widget-wrap elementor-element-populated\">\n\t\t\t\t\t\t<div class=\"elementor-element elementor-element-eb4eb06 elementor-widget-divider--separator-type-pattern elementor-widget-divider--no-spacing elementor-widget-divider--view-line elementor-widget elementor-widget-divider\" data-id=\"eb4eb06\" data-element_type=\"widget\" data-widget_type=\"divider.default\">\n\t\t\t\t<div class=\"elementor-widget-container\">\n\t\t\t\t\t\t\t<div class=\"elementor-divider\" style=\"--divider-pattern-url: url(&quot;data:image\/svg+xml,%3Csvg xmlns=&#039;http:\/\/www.w3.org\/2000\/svg&#039; preserveAspectRatio=&#039;xMidYMid meet&#039; overflow=&#039;visible&#039; height=&#039;100%&#039; viewBox=&#039;0 0 126 26&#039; fill=&#039;black&#039; stroke=&#039;none&#039;%3E%3Cpath d=&#039;M3,10.2c2.6,0,2.6,2,2.6,3.2S4.4,16.5,3,16.5s-3-1.4-3-3.2S0.4,10.2,3,10.2z M18.8,10.2c1.7,0,3.2,1.4,3.2,3.2s-1.4,3.2-3.2,3.2c-1.7,0-3.2-1.4-3.2-3.2S17,10.2,18.8,10.2z M34.6,10.2c1.5,0,2.6,1.4,2.6,3.2s-0.5,3.2-1.9,3.2c-1.5,0-3.4-1.4-3.4-3.2S33.1,10.2,34.6,10.2z M50.5,10.2c1.7,0,3.2,1.4,3.2,3.2s-1.4,3.2-3.2,3.2c-1.7,0-3.3-0.9-3.3-2.6S48.7,10.2,50.5,10.2z M66.2,10.2c1.5,0,3.4,1.4,3.4,3.2s-1.9,3.2-3.4,3.2c-1.5,0-2.6-0.4-2.6-2.1S64.8,10.2,66.2,10.2z M82.2,10.2c1.7,0.8,2.6,1.4,2.6,3.2s-0.1,3.2-1.6,3.2c-1.5,0-3.7-1.4-3.7-3.2S80.5,9.4,82.2,10.2zM98.6,10.2c1.5,0,2.6,0.4,2.6,2.1s-1.2,4.2-2.6,4.2c-1.5,0-3.7-0.4-3.7-2.1S97.1,10.2,98.6,10.2z M113.4,10.2c1.2,0,2.2,0.9,2.2,3.2s-0.1,3.2-1.3,3.2s-3.1-1.4-3.1-3.2S112.2,10.2,113.4,10.2z&#039;\/%3E%3C\/svg%3E&quot;);\">\n\t\t\t<span class=\"elementor-divider-separator\">\n\t\t\t\t\t\t<\/span>\n\t\t<\/div>\n\t\t\t\t\t\t<\/div>\n\t\t\t\t<\/div>\n\t\t\t\t\t<\/div>\n\t\t<\/div>\n\t\t\t\t\t<\/div>\n\t\t<\/section>\n\t\t\t\t<section class=\"elementor-section elementor-top-section elementor-element elementor-element-945e5f0 elementor-section-boxed elementor-section-height-default elementor-section-height-default\" data-id=\"945e5f0\" data-element_type=\"section\">\n\t\t\t\t\t\t<div class=\"elementor-container elementor-column-gap-default\">\n\t\t\t\t\t<div class=\"elementor-column elementor-col-100 elementor-top-column elementor-element elementor-element-58a64d7\" data-id=\"58a64d7\" data-element_type=\"column\">\n\t\t\t<div class=\"elementor-widget-wrap elementor-element-populated\">\n\t\t\t\t\t\t<div class=\"elementor-element elementor-element-c3c63c1 elementor-button-info elementor-align-center elementor-widget elementor-widget-button\" data-id=\"c3c63c1\" data-element_type=\"widget\" data-widget_type=\"button.default\">\n\t\t\t\t<div class=\"elementor-widget-container\">\n\t\t\t\t\t\t\t\t\t<div class=\"elementor-button-wrapper\">\n\t\t\t\t\t<a class=\"elementor-button elementor-button-link elementor-size-md\" href=\"http:\/\/www.loiseaumonde.com\/wp-content\/uploads\/2024\/11\/Dossier-Orphea-33-3.pdf\">\n\t\t\t\t\t\t<span class=\"elementor-button-content-wrapper\">\n\t\t\t\t\t\t\t\t\t<span class=\"elementor-button-text\">Dossier Orph\u00e9a 33<\/span>\n\t\t\t\t\t<\/span>\n\t\t\t\t\t<\/a>\n\t\t\t\t<\/div>\n\t\t\t\t\t\t\t\t<\/div>\n\t\t\t\t<\/div>\n\t\t\t\t\t<\/div>\n\t\t<\/div>\n\t\t\t\t\t<\/div>\n\t\t<\/section>\n\t\t\t\t<section class=\"elementor-section elementor-top-section elementor-element elementor-element-8ed9ded elementor-section-boxed elementor-section-height-default elementor-section-height-default\" data-id=\"8ed9ded\" data-element_type=\"section\">\n\t\t\t\t\t\t<div class=\"elementor-container elementor-column-gap-default\">\n\t\t\t\t\t<div class=\"elementor-column elementor-col-100 elementor-top-column elementor-element elementor-element-b0cbd68\" data-id=\"b0cbd68\" data-element_type=\"column\">\n\t\t\t<div class=\"elementor-widget-wrap\">\n\t\t\t\t\t\t\t<\/div>\n\t\t<\/div>\n\t\t\t\t\t<\/div>\n\t\t<\/section>\n\t\t\t\t<\/div>\n\t\t","protected":false},"excerpt":{"rendered":"<p>Orph\u00e9a 33 est un \u00e9cho contemporain au mythe d&#8217;Orph\u00e9e et d&#8217;Eurydice : frapp\u00e9e par le deuil, une femme\u00a0s&#8217;aventure dans les mondes inf\u00e9rieurs pour tenter de dialoguer avec la Mort. C&#8217;est [&hellip;]<\/p>\n","protected":false},"author":1,"featured_media":0,"parent":0,"menu_order":0,"comment_status":"closed","ping_status":"closed","template":"","meta":{"footnotes":""},"class_list":["post-1687","page","type-page","status-publish","hentry"],"_links":{"self":[{"href":"https:\/\/www.loiseaumonde.com\/en\/wp-json\/wp\/v2\/pages\/1687","targetHints":{"allow":["GET"]}}],"collection":[{"href":"https:\/\/www.loiseaumonde.com\/en\/wp-json\/wp\/v2\/pages"}],"about":[{"href":"https:\/\/www.loiseaumonde.com\/en\/wp-json\/wp\/v2\/types\/page"}],"author":[{"embeddable":true,"href":"https:\/\/www.loiseaumonde.com\/en\/wp-json\/wp\/v2\/users\/1"}],"replies":[{"embeddable":true,"href":"https:\/\/www.loiseaumonde.com\/en\/wp-json\/wp\/v2\/comments?post=1687"}],"version-history":[{"count":21,"href":"https:\/\/www.loiseaumonde.com\/en\/wp-json\/wp\/v2\/pages\/1687\/revisions"}],"predecessor-version":[{"id":1867,"href":"https:\/\/www.loiseaumonde.com\/en\/wp-json\/wp\/v2\/pages\/1687\/revisions\/1867"}],"wp:attachment":[{"href":"https:\/\/www.loiseaumonde.com\/en\/wp-json\/wp\/v2\/media?parent=1687"}],"curies":[{"name":"wp","href":"https:\/\/api.w.org\/{rel}","templated":true}]}}