{"id":1737,"date":"2023-01-27T14:11:19","date_gmt":"2023-01-27T13:11:19","guid":{"rendered":"http:\/\/www.loiseaumonde.com\/?p=1737"},"modified":"2026-02-10T17:12:36","modified_gmt":"2026-02-10T16:12:36","slug":"partages","status":"publish","type":"page","link":"https:\/\/www.loiseaumonde.com\/en\/partages\/","title":{"rendered":"Partage(s)"},"content":{"rendered":"\t\t<div data-elementor-type=\"wp-post\" data-elementor-id=\"1737\" class=\"elementor elementor-1737\">\n\t\t\t\t\t\t<section class=\"elementor-section elementor-top-section elementor-element elementor-element-a3b5912 elementor-section-boxed elementor-section-height-default elementor-section-height-default\" data-id=\"a3b5912\" data-element_type=\"section\">\n\t\t\t\t\t\t<div class=\"elementor-container elementor-column-gap-default\">\n\t\t\t\t\t<div class=\"elementor-column elementor-col-50 elementor-top-column elementor-element elementor-element-6e415b2\" data-id=\"6e415b2\" data-element_type=\"column\">\n\t\t\t<div class=\"elementor-widget-wrap elementor-element-populated\">\n\t\t\t\t\t\t<div class=\"elementor-element elementor-element-d3c1599 elementor-widget elementor-widget-text-editor\" data-id=\"d3c1599\" data-element_type=\"widget\" data-widget_type=\"text-editor.default\">\n\t\t\t\t<div class=\"elementor-widget-container\">\n\t\t\t\t\t\t\t\t\t<h3 style=\"margin-bottom: 0cm\">CAPE?<\/h3>\n<p><\/p>\n<p style=\"margin-bottom: 0cm\">Autour du projet&nbsp;<b>&#8220;Cape ?&#8221;<\/b>&nbsp;ont gravit\u00e9 trois structures : la r\u00e9sidence Icare, association m\u00e9dico-sociale implant\u00e9e \u00e0 Chevigny-Saint-Sauveur, le bistrot d&#8217;Icare et la compagnie l&#8217;Oiseau Monde. Ensemble, avec les r\u00e9sidents volontaires, elles ont \u00e9labor\u00e9 une forme th\u00e9\u00e2trale singuli\u00e8re architectur\u00e9e autour du th\u00e8me du superh\u00e9roisme.&nbsp;<\/p><p style=\"margin-bottom: 0cm\">Initi\u00e9e en mars 2021, cette aventure d&#8217;humanit\u00e9 et de cr\u00e9ation s&#8217;est achev\u00e9e au printemps 2022 lors de la restitution publique de ces mat\u00e9riaux tour \u00e0 tour d\u00e9tonnants, lyriques, absurdes et color\u00e9s.<\/p>\t\t\t\t\t\t\t\t<\/div>\n\t\t\t\t<\/div>\n\t\t\t\t\t<\/div>\n\t\t<\/div>\n\t\t\t\t<div class=\"elementor-column elementor-col-50 elementor-top-column elementor-element elementor-element-591263d\" data-id=\"591263d\" data-element_type=\"column\">\n\t\t\t<div class=\"elementor-widget-wrap elementor-element-populated\">\n\t\t\t\t\t\t<div class=\"elementor-element elementor-element-8a10dab elementor-widget elementor-widget-image\" data-id=\"8a10dab\" data-element_type=\"widget\" data-widget_type=\"image.default\">\n\t\t\t\t<div class=\"elementor-widget-container\">\n\t\t\t\t\t\t\t\t\t\t\t\t\t\t\t<img fetchpriority=\"high\" decoding=\"async\" width=\"750\" height=\"1021\" src=\"https:\/\/www.loiseaumonde.com\/wp-content\/uploads\/2023\/01\/cape-affiche.jpg\" class=\"attachment-large size-large wp-image-1739\" alt=\"\" srcset=\"https:\/\/www.loiseaumonde.com\/wp-content\/uploads\/2023\/01\/cape-affiche.jpg 750w, https:\/\/www.loiseaumonde.com\/wp-content\/uploads\/2023\/01\/cape-affiche-220x300.jpg 220w, https:\/\/www.loiseaumonde.com\/wp-content\/uploads\/2023\/01\/cape-affiche-400x545.jpg 400w, https:\/\/www.loiseaumonde.com\/wp-content\/uploads\/2023\/01\/cape-affiche-430x585.jpg 430w, https:\/\/www.loiseaumonde.com\/wp-content\/uploads\/2023\/01\/cape-affiche-150x204.jpg 150w, https:\/\/www.loiseaumonde.com\/wp-content\/uploads\/2023\/01\/cape-affiche-100x136.jpg 100w\" sizes=\"(max-width: 750px) 100vw, 750px\" \/>\t\t\t\t\t\t\t\t\t\t\t\t\t\t\t<\/div>\n\t\t\t\t<\/div>\n\t\t\t\t\t<\/div>\n\t\t<\/div>\n\t\t\t\t\t<\/div>\n\t\t<\/section>\n\t\t\t\t<section class=\"elementor-section elementor-top-section elementor-element elementor-element-334129b elementor-section-boxed elementor-section-height-default elementor-section-height-default\" data-id=\"334129b\" data-element_type=\"section\">\n\t\t\t\t\t\t<div class=\"elementor-container elementor-column-gap-default\">\n\t\t\t\t\t<div class=\"elementor-column elementor-col-50 elementor-top-column elementor-element elementor-element-f894971\" data-id=\"f894971\" data-element_type=\"column\">\n\t\t\t<div class=\"elementor-widget-wrap elementor-element-populated\">\n\t\t\t\t\t\t<div class=\"elementor-element elementor-element-1434443 elementor-widget elementor-widget-image\" data-id=\"1434443\" data-element_type=\"widget\" data-widget_type=\"image.default\">\n\t\t\t\t<div class=\"elementor-widget-container\">\n\t\t\t\t\t\t\t\t\t\t\t\t\t\t\t<img decoding=\"async\" width=\"650\" height=\"447\" src=\"https:\/\/www.loiseaumonde.com\/wp-content\/uploads\/2020\/09\/1_AM_logo_DEFINITIF_version-principale.jpg\" class=\"attachment-large size-large wp-image-1253\" alt=\"\" srcset=\"https:\/\/www.loiseaumonde.com\/wp-content\/uploads\/2020\/09\/1_AM_logo_DEFINITIF_version-principale.jpg 650w, https:\/\/www.loiseaumonde.com\/wp-content\/uploads\/2020\/09\/1_AM_logo_DEFINITIF_version-principale-300x206.jpg 300w, https:\/\/www.loiseaumonde.com\/wp-content\/uploads\/2020\/09\/1_AM_logo_DEFINITIF_version-principale-400x275.jpg 400w, https:\/\/www.loiseaumonde.com\/wp-content\/uploads\/2020\/09\/1_AM_logo_DEFINITIF_version-principale-430x296.jpg 430w, https:\/\/www.loiseaumonde.com\/wp-content\/uploads\/2020\/09\/1_AM_logo_DEFINITIF_version-principale-150x103.jpg 150w, https:\/\/www.loiseaumonde.com\/wp-content\/uploads\/2020\/09\/1_AM_logo_DEFINITIF_version-principale-100x69.jpg 100w\" sizes=\"(max-width: 650px) 100vw, 650px\" \/>\t\t\t\t\t\t\t\t\t\t\t\t\t\t\t<\/div>\n\t\t\t\t<\/div>\n\t\t\t\t\t<\/div>\n\t\t<\/div>\n\t\t\t\t<div class=\"elementor-column elementor-col-50 elementor-top-column elementor-element elementor-element-4569c58\" data-id=\"4569c58\" data-element_type=\"column\">\n\t\t\t<div class=\"elementor-widget-wrap elementor-element-populated\">\n\t\t\t\t\t\t<div class=\"elementor-element elementor-element-468c9cc elementor-widget elementor-widget-text-editor\" data-id=\"468c9cc\" data-element_type=\"widget\" data-widget_type=\"text-editor.default\">\n\t\t\t\t<div class=\"elementor-widget-container\">\n\t\t\t\t\t\t\t\t\t<h3 style=\"text-align: left;\"><b>TRANSAT<\/b><\/h3><p style=\"text-align: left;\">Laur\u00e9ate des r\u00e9sidences <strong>TRANSAT<\/strong>, port\u00e9es par les Ateliers M\u00e9dicis et le minist\u00e8re de la Culture, Alexandra Lucchesi est partie \u00e0 Metz pendant trois semaines cet \u00e9t\u00e9 ; ce dispositif, qui alliait temps de cr\u00e9ation personnelle et m\u00e9diation culturelle dans les quartiers prioritaires, a permis \u00e0 l&#8217;auteure de poursuivre son travail d&#8217;\u00e9criture d\u00e9di\u00e9 aux contes et aux chagrins de l&#8217;enfance. C&#8217;est aux enfants de la M.J.C qu&#8217;elle a pr\u00e9sent\u00e9 son ouvrage \u2013 <strong>Le Panse-Coeur<\/strong>, \u00e0 para\u00eetre en octobre 2020 aux <strong>\u00e9ditions PourPenser<\/strong> \u2013 ; ensemble, et via la pratique du th\u00e9\u00e2tre, ils ont explor\u00e9 les th\u00e8mes forts et n\u00e9cessaires qu&#8217;il contenait.<\/p><p>\u00a0<\/p>\t\t\t\t\t\t\t\t<\/div>\n\t\t\t\t<\/div>\n\t\t\t\t\t<\/div>\n\t\t<\/div>\n\t\t\t\t\t<\/div>\n\t\t<\/section>\n\t\t\t\t<section class=\"elementor-section elementor-top-section elementor-element elementor-element-1694b9a elementor-section-boxed elementor-section-height-default elementor-section-height-default\" data-id=\"1694b9a\" data-element_type=\"section\">\n\t\t\t\t\t\t<div class=\"elementor-container elementor-column-gap-default\">\n\t\t\t\t\t<div class=\"elementor-column elementor-col-50 elementor-top-column elementor-element elementor-element-597d6ea\" data-id=\"597d6ea\" data-element_type=\"column\">\n\t\t\t<div class=\"elementor-widget-wrap elementor-element-populated\">\n\t\t\t\t\t\t<div class=\"elementor-element elementor-element-4c6f383 elementor-widget elementor-widget-text-editor\" data-id=\"4c6f383\" data-element_type=\"widget\" data-widget_type=\"text-editor.default\">\n\t\t\t\t<div class=\"elementor-widget-container\">\n\t\t\t\t\t\t\t\t\t<h3><b>RECIT DE MA PLACE<\/b><\/h3><p>Du mois de septembre 2018 \u00e0 celui de mars 2019, la municipalit\u00e9 de <b>Mazan <\/b>a confi\u00e9 un bel ouvrage \u00e0 Sarah Camus, com\u00e9dienne, et \u00e0 Alexandra Lucchesi, auteur et metteur en sc\u00e8ne : celui de mener <strong>R\u00e9cits de ma place<\/strong>, un dispositif culturel plac\u00e9 sous le signe de l&#8217;\u00e9change et de la collecte de paroles.<\/p>\t\t\t\t\t\t\t\t<\/div>\n\t\t\t\t<\/div>\n\t\t\t\t\t<\/div>\n\t\t<\/div>\n\t\t\t\t<div class=\"elementor-column elementor-col-50 elementor-top-column elementor-element elementor-element-0fff590\" data-id=\"0fff590\" data-element_type=\"column\">\n\t\t\t<div class=\"elementor-widget-wrap elementor-element-populated\">\n\t\t\t\t\t\t<div class=\"elementor-element elementor-element-df29951 elementor-widget elementor-widget-image\" data-id=\"df29951\" data-element_type=\"widget\" data-widget_type=\"image.default\">\n\t\t\t\t<div class=\"elementor-widget-container\">\n\t\t\t\t\t\t\t\t\t\t\t\t\t\t\t<img decoding=\"async\" width=\"1024\" height=\"829\" src=\"https:\/\/www.loiseaumonde.com\/wp-content\/uploads\/2019\/04\/20180917_100542bon-sens-2-1024x829.jpg\" class=\"attachment-large size-large wp-image-1025\" alt=\"\" srcset=\"https:\/\/www.loiseaumonde.com\/wp-content\/uploads\/2019\/04\/20180917_100542bon-sens-2-1024x829.jpg 1024w, https:\/\/www.loiseaumonde.com\/wp-content\/uploads\/2019\/04\/20180917_100542bon-sens-2-300x243.jpg 300w, https:\/\/www.loiseaumonde.com\/wp-content\/uploads\/2019\/04\/20180917_100542bon-sens-2-768x622.jpg 768w, https:\/\/www.loiseaumonde.com\/wp-content\/uploads\/2019\/04\/20180917_100542bon-sens-2-750x607.jpg 750w\" sizes=\"(max-width: 1024px) 100vw, 1024px\" \/>\t\t\t\t\t\t\t\t\t\t\t\t\t\t\t<\/div>\n\t\t\t\t<\/div>\n\t\t\t\t\t<\/div>\n\t\t<\/div>\n\t\t\t\t\t<\/div>\n\t\t<\/section>\n\t\t\t\t<section class=\"elementor-section elementor-top-section elementor-element elementor-element-e13f9b5 elementor-section-boxed elementor-section-height-default elementor-section-height-default\" data-id=\"e13f9b5\" data-element_type=\"section\">\n\t\t\t\t\t\t<div class=\"elementor-container elementor-column-gap-default\">\n\t\t\t\t\t<div class=\"elementor-column elementor-col-100 elementor-top-column elementor-element elementor-element-67f895b\" data-id=\"67f895b\" data-element_type=\"column\">\n\t\t\t<div class=\"elementor-widget-wrap elementor-element-populated\">\n\t\t\t\t\t\t<section class=\"elementor-section elementor-inner-section elementor-element elementor-element-d8fb4ab elementor-section-boxed elementor-section-height-default elementor-section-height-default\" data-id=\"d8fb4ab\" data-element_type=\"section\">\n\t\t\t\t\t\t<div class=\"elementor-container elementor-column-gap-default\">\n\t\t\t\t\t<div class=\"elementor-column elementor-col-50 elementor-inner-column elementor-element elementor-element-f883308\" data-id=\"f883308\" data-element_type=\"column\">\n\t\t\t<div class=\"elementor-widget-wrap elementor-element-populated\">\n\t\t\t\t\t\t<div class=\"elementor-element elementor-element-085cdcc elementor-widget elementor-widget-image\" data-id=\"085cdcc\" data-element_type=\"widget\" data-widget_type=\"image.default\">\n\t\t\t\t<div class=\"elementor-widget-container\">\n\t\t\t\t\t\t\t\t\t\t\t\t\t\t\t<img loading=\"lazy\" decoding=\"async\" width=\"1024\" height=\"598\" src=\"https:\/\/www.loiseaumonde.com\/wp-content\/uploads\/2016\/11\/confluences-logo-complet-1024x598.png\" class=\"attachment-large size-large wp-image-802\" alt=\"\" srcset=\"https:\/\/www.loiseaumonde.com\/wp-content\/uploads\/2016\/11\/confluences-logo-complet-1024x598.png 1024w, https:\/\/www.loiseaumonde.com\/wp-content\/uploads\/2016\/11\/confluences-logo-complet-300x175.png 300w, https:\/\/www.loiseaumonde.com\/wp-content\/uploads\/2016\/11\/confluences-logo-complet-768x449.png 768w, https:\/\/www.loiseaumonde.com\/wp-content\/uploads\/2016\/11\/confluences-logo-complet-750x438.png 750w\" sizes=\"(max-width: 1024px) 100vw, 1024px\" \/>\t\t\t\t\t\t\t\t\t\t\t\t\t\t\t<\/div>\n\t\t\t\t<\/div>\n\t\t\t\t\t<\/div>\n\t\t<\/div>\n\t\t\t\t<div class=\"elementor-column elementor-col-50 elementor-inner-column elementor-element elementor-element-94dfb76\" data-id=\"94dfb76\" data-element_type=\"column\">\n\t\t\t<div class=\"elementor-widget-wrap elementor-element-populated\">\n\t\t\t\t\t\t<div class=\"elementor-element elementor-element-fcf9512 elementor-widget elementor-widget-text-editor\" data-id=\"fcf9512\" data-element_type=\"widget\" data-widget_type=\"text-editor.default\">\n\t\t\t\t<div class=\"elementor-widget-container\">\n\t\t\t\t\t\t\t\t\t<h3><b>CONFLUENCES<\/b><\/h3><p>C<span style=\"color: var( --e-global-color-text ); font-family: var( --e-global-typography-text-font-family ); font-weight: var( --e-global-typography-text-font-weight );\">&#8216;est dans le cadre de l&#8217;appel \u00e0 projets \u00ab Culture et Sant\u00e9 \u00bb, promu par la DRAC et l&#8217;Agence R\u00e9gionale de Sant\u00e9-Bourgogne, que la compagnie de th\u00e9\u00e2tre L&#8217;Oiseau Monde s&#8217;est infiltr\u00e9e au sein du COS-CRF Divio en 2016 et 2017. En effet, ce centre de r\u00e9\u00e9ducation fonctionnelle, bien connu et appr\u00e9ci\u00e9 des bourguignons pour son approche th\u00e9rapeutique chaleureuse, a accept\u00e9 de collaborer avec l&#8217;\u00e9quipe artistique de la compagnie -com\u00e9diens et auteur dramatique- et de mener \u00e0 bien un projet d&#8217;envergure m\u00fbri par tous: le projet <\/span><b style=\"color: var( --e-global-color-text ); font-family: var( --e-global-typography-text-font-family );\">Confluences.<\/b><\/p>\t\t\t\t\t\t\t\t<\/div>\n\t\t\t\t<\/div>\n\t\t\t\t\t<\/div>\n\t\t<\/div>\n\t\t\t\t\t<\/div>\n\t\t<\/section>\n\t\t\t\t\t<\/div>\n\t\t<\/div>\n\t\t\t\t\t<\/div>\n\t\t<\/section>\n\t\t\t\t<section class=\"elementor-section elementor-top-section elementor-element elementor-element-f2806c9 elementor-section-boxed elementor-section-height-default elementor-section-height-default\" data-id=\"f2806c9\" data-element_type=\"section\">\n\t\t\t\t\t\t<div class=\"elementor-container elementor-column-gap-default\">\n\t\t\t\t\t<div class=\"elementor-column elementor-col-100 elementor-top-column elementor-element elementor-element-6b8eff6\" data-id=\"6b8eff6\" data-element_type=\"column\">\n\t\t\t<div class=\"elementor-widget-wrap elementor-element-populated\">\n\t\t\t\t\t\t<div class=\"elementor-element elementor-element-26143f7 elementor-widget elementor-widget-text-editor\" data-id=\"26143f7\" data-element_type=\"widget\" data-widget_type=\"text-editor.default\">\n\t\t\t\t<div class=\"elementor-widget-container\">\n\t\t\t\t\t\t\t\t\t<p><em>Toutes les s\u00e9quences du projet et leur d\u00e9roul\u00e9 dans le temps ont \u00e9t\u00e9 capt\u00e9 par la cam\u00e9ra bienveillante d&#8217;un r\u00e9alisateur, en charge de r\u00e9aliser un film-t\u00e9moignage.<\/em><\/p>\t\t\t\t\t\t\t\t<\/div>\n\t\t\t\t<\/div>\n\t\t\t\t\t<\/div>\n\t\t<\/div>\n\t\t\t\t\t<\/div>\n\t\t<\/section>\n\t\t\t\t<section class=\"elementor-section elementor-top-section elementor-element elementor-element-135e609 elementor-section-boxed elementor-section-height-default elementor-section-height-default\" data-id=\"135e609\" data-element_type=\"section\">\n\t\t\t\t\t\t<div class=\"elementor-container elementor-column-gap-default\">\n\t\t\t\t\t<div class=\"elementor-column elementor-col-100 elementor-top-column elementor-element elementor-element-33f787e\" data-id=\"33f787e\" data-element_type=\"column\">\n\t\t\t<div class=\"elementor-widget-wrap elementor-element-populated\">\n\t\t\t\t\t\t<div class=\"elementor-element elementor-element-5799e9e elementor-widget elementor-widget-video\" data-id=\"5799e9e\" data-element_type=\"widget\" data-settings=\"{&quot;youtube_url&quot;:&quot;https:\\\/\\\/www.youtube.com\\\/watch?v=23kgawT2UlY&quot;,&quot;loop&quot;:&quot;yes&quot;,&quot;video_type&quot;:&quot;youtube&quot;,&quot;controls&quot;:&quot;yes&quot;}\" data-widget_type=\"video.default\">\n\t\t\t\t<div class=\"elementor-widget-container\">\n\t\t\t\t\t\t\t<div class=\"elementor-wrapper elementor-open-inline\">\n\t\t\t<div class=\"elementor-video\"><\/div>\t\t<\/div>\n\t\t\t\t\t\t<\/div>\n\t\t\t\t<\/div>\n\t\t\t\t\t<\/div>\n\t\t<\/div>\n\t\t\t\t\t<\/div>\n\t\t<\/section>\n\t\t\t\t<\/div>\n\t\t","protected":false},"excerpt":{"rendered":"<p>CAPE? Autour du projet&nbsp;&#8220;Cape ?&#8221;&nbsp;ont gravit\u00e9 trois structures : la r\u00e9sidence Icare, association m\u00e9dico-sociale implant\u00e9e \u00e0 Chevigny-Saint-Sauveur, le bistrot d&#8217;Icare et la compagnie l&#8217;Oiseau Monde. Ensemble, avec les r\u00e9sidents volontaires, [&hellip;]<\/p>\n","protected":false},"author":1,"featured_media":0,"parent":0,"menu_order":0,"comment_status":"closed","ping_status":"closed","template":"","meta":{"footnotes":""},"class_list":["post-1737","page","type-page","status-publish","hentry"],"_links":{"self":[{"href":"https:\/\/www.loiseaumonde.com\/en\/wp-json\/wp\/v2\/pages\/1737","targetHints":{"allow":["GET"]}}],"collection":[{"href":"https:\/\/www.loiseaumonde.com\/en\/wp-json\/wp\/v2\/pages"}],"about":[{"href":"https:\/\/www.loiseaumonde.com\/en\/wp-json\/wp\/v2\/types\/page"}],"author":[{"embeddable":true,"href":"https:\/\/www.loiseaumonde.com\/en\/wp-json\/wp\/v2\/users\/1"}],"replies":[{"embeddable":true,"href":"https:\/\/www.loiseaumonde.com\/en\/wp-json\/wp\/v2\/comments?post=1737"}],"version-history":[{"count":10,"href":"https:\/\/www.loiseaumonde.com\/en\/wp-json\/wp\/v2\/pages\/1737\/revisions"}],"predecessor-version":[{"id":2272,"href":"https:\/\/www.loiseaumonde.com\/en\/wp-json\/wp\/v2\/pages\/1737\/revisions\/2272"}],"wp:attachment":[{"href":"https:\/\/www.loiseaumonde.com\/en\/wp-json\/wp\/v2\/media?parent=1737"}],"curies":[{"name":"wp","href":"https:\/\/api.w.org\/{rel}","templated":true}]}}