{"id":1875,"date":"2025-03-12T15:52:12","date_gmt":"2025-03-12T14:52:12","guid":{"rendered":"http:\/\/www.loiseaumonde.com\/?page_id=1875"},"modified":"2025-06-06T12:08:36","modified_gmt":"2025-06-06T11:08:36","slug":"1875-2","status":"publish","type":"page","link":"https:\/\/www.loiseaumonde.com\/en\/1875-2\/","title":{"rendered":"ORPHEA 33"},"content":{"rendered":"\t\t<div data-elementor-type=\"wp-page\" data-elementor-id=\"1875\" class=\"elementor elementor-1875\">\n\t\t\t\t\t\t<section class=\"elementor-section elementor-top-section elementor-element elementor-element-db6d7b9 elementor-section-boxed elementor-section-height-default elementor-section-height-default\" data-id=\"db6d7b9\" data-element_type=\"section\">\n\t\t\t\t\t\t<div class=\"elementor-container elementor-column-gap-default\">\n\t\t\t\t\t<div class=\"elementor-column elementor-col-100 elementor-top-column elementor-element elementor-element-1480d92\" data-id=\"1480d92\" data-element_type=\"column\">\n\t\t\t<div class=\"elementor-widget-wrap elementor-element-populated\">\n\t\t\t\t\t\t<div class=\"elementor-element elementor-element-39a003e elementor-widget elementor-widget-heading\" data-id=\"39a003e\" data-element_type=\"widget\" data-widget_type=\"heading.default\">\n\t\t\t\t<div class=\"elementor-widget-container\">\n\t\t\t\t\t<h2 class=\"elementor-heading-title elementor-size-default\">ORPHEA 33<\/h2>\t\t\t\t<\/div>\n\t\t\t\t<\/div>\n\t\t\t\t\t<\/div>\n\t\t<\/div>\n\t\t\t\t\t<\/div>\n\t\t<\/section>\n\t\t\t\t<section class=\"elementor-section elementor-top-section elementor-element elementor-element-af64c53 elementor-section-boxed elementor-section-height-default elementor-section-height-default\" data-id=\"af64c53\" data-element_type=\"section\">\n\t\t\t\t\t\t<div class=\"elementor-container elementor-column-gap-default\">\n\t\t\t\t\t<div class=\"elementor-column elementor-col-100 elementor-top-column elementor-element elementor-element-505a6e0\" data-id=\"505a6e0\" data-element_type=\"column\">\n\t\t\t<div class=\"elementor-widget-wrap elementor-element-populated\">\n\t\t\t\t\t\t<div class=\"elementor-element elementor-element-580ddb4 elementor-widget elementor-widget-text-editor\" data-id=\"580ddb4\" data-element_type=\"widget\" data-widget_type=\"text-editor.default\">\n\t\t\t\t<div class=\"elementor-widget-container\">\n\t\t\t\t\t\t\t\t\t<h2><span style=\"color: var( --e-global-color-text ); font-family: var( --e-global-typography-text-font-family );\"><b>Cr\u00e9ation 2025<\/b><\/span><\/h2><h3><span style=\"color: var( --e-global-color-text ); font-family: var( --e-global-typography-text-font-family ); font-weight: var( --e-global-typography-text-font-weight );\">Th\u00e9\u00e2tre<\/span><\/h3>\t\t\t\t\t\t\t\t<\/div>\n\t\t\t\t<\/div>\n\t\t\t\t<div class=\"elementor-element elementor-element-24bbc4e elementor-widget elementor-widget-image\" data-id=\"24bbc4e\" data-element_type=\"widget\" data-widget_type=\"image.default\">\n\t\t\t\t<div class=\"elementor-widget-container\">\n\t\t\t\t\t\t\t\t\t\t\t\t\t\t\t<img fetchpriority=\"high\" decoding=\"async\" width=\"724\" height=\"1024\" src=\"https:\/\/www.loiseaumonde.com\/wp-content\/uploads\/2024\/11\/VISU-AVEC-LOGO-ORPHEA-3-724x1024.png\" class=\"attachment-large size-large wp-image-1866\" alt=\"\" srcset=\"https:\/\/www.loiseaumonde.com\/wp-content\/uploads\/2024\/11\/VISU-AVEC-LOGO-ORPHEA-3-724x1024.png 724w, https:\/\/www.loiseaumonde.com\/wp-content\/uploads\/2024\/11\/VISU-AVEC-LOGO-ORPHEA-3-212x300.png 212w, https:\/\/www.loiseaumonde.com\/wp-content\/uploads\/2024\/11\/VISU-AVEC-LOGO-ORPHEA-3-768x1086.png 768w, https:\/\/www.loiseaumonde.com\/wp-content\/uploads\/2024\/11\/VISU-AVEC-LOGO-ORPHEA-3-1086x1536.png 1086w, https:\/\/www.loiseaumonde.com\/wp-content\/uploads\/2024\/11\/VISU-AVEC-LOGO-ORPHEA-3-1448x2048.png 1448w, https:\/\/www.loiseaumonde.com\/wp-content\/uploads\/2024\/11\/VISU-AVEC-LOGO-ORPHEA-3-750x1061.png 750w, https:\/\/www.loiseaumonde.com\/wp-content\/uploads\/2024\/11\/VISU-AVEC-LOGO-ORPHEA-3-400x566.png 400w, https:\/\/www.loiseaumonde.com\/wp-content\/uploads\/2024\/11\/VISU-AVEC-LOGO-ORPHEA-3-430x608.png 430w, https:\/\/www.loiseaumonde.com\/wp-content\/uploads\/2024\/11\/VISU-AVEC-LOGO-ORPHEA-3-150x212.png 150w, https:\/\/www.loiseaumonde.com\/wp-content\/uploads\/2024\/11\/VISU-AVEC-LOGO-ORPHEA-3-100x141.png 100w, https:\/\/www.loiseaumonde.com\/wp-content\/uploads\/2024\/11\/VISU-AVEC-LOGO-ORPHEA-3.png 1587w\" sizes=\"(max-width: 724px) 100vw, 724px\" \/>\t\t\t\t\t\t\t\t\t\t\t\t\t\t\t<\/div>\n\t\t\t\t<\/div>\n\t\t\t\t\t<\/div>\n\t\t<\/div>\n\t\t\t\t\t<\/div>\n\t\t<\/section>\n\t\t\t\t<section class=\"elementor-section elementor-top-section elementor-element elementor-element-4fb0a35 elementor-section-boxed elementor-section-height-default elementor-section-height-default\" data-id=\"4fb0a35\" data-element_type=\"section\">\n\t\t\t\t\t\t<div class=\"elementor-container elementor-column-gap-default\">\n\t\t\t\t\t<div class=\"elementor-column elementor-col-100 elementor-top-column elementor-element elementor-element-d3724f4\" data-id=\"d3724f4\" data-element_type=\"column\">\n\t\t\t<div class=\"elementor-widget-wrap elementor-element-populated\">\n\t\t\t\t\t\t<div class=\"elementor-element elementor-element-fcecb0c elementor-widget elementor-widget-text-editor\" data-id=\"fcecb0c\" data-element_type=\"widget\" data-widget_type=\"text-editor.default\">\n\t\t\t\t<div class=\"elementor-widget-container\">\n\t\t\t\t\t\t\t\t\t<p><strong>Texte et mise en sc\u00e8ne<\/strong> : Alexandra Lucchesi<\/p><p><strong>Avec :<\/strong><\/p><p>Benoit Jayot<\/p><p>Sarah Camus<\/p><p>Alexandra Lucchesi<\/p><p><strong>Cr\u00e9ation sonore :<\/strong> Thomas Loyer<\/p><p><strong>D\u00e9cors :<\/strong> Julien Lett<\/p><p><strong>Cr\u00e9ation lumi\u00e8re :<\/strong> Suzon Prost<\/p>\t\t\t\t\t\t\t\t<\/div>\n\t\t\t\t<\/div>\n\t\t\t\t\t<\/div>\n\t\t<\/div>\n\t\t\t\t\t<\/div>\n\t\t<\/section>\n\t\t\t\t<section class=\"elementor-section elementor-top-section elementor-element elementor-element-4dac10c elementor-section-boxed elementor-section-height-default elementor-section-height-default\" data-id=\"4dac10c\" data-element_type=\"section\">\n\t\t\t\t\t\t<div class=\"elementor-container elementor-column-gap-default\">\n\t\t\t\t\t<div class=\"elementor-column elementor-col-100 elementor-top-column elementor-element elementor-element-1f77fd5\" data-id=\"1f77fd5\" data-element_type=\"column\">\n\t\t\t<div class=\"elementor-widget-wrap elementor-element-populated\">\n\t\t\t\t\t\t<div class=\"elementor-element elementor-element-1330ba8 elementor-widget elementor-widget-heading\" data-id=\"1330ba8\" data-element_type=\"widget\" data-widget_type=\"heading.default\">\n\t\t\t\t<div class=\"elementor-widget-container\">\n\t\t\t\t\t<h2 class=\"elementor-heading-title elementor-size-default\">En quelques mots<\/h2>\t\t\t\t<\/div>\n\t\t\t\t<\/div>\n\t\t\t\t\t<\/div>\n\t\t<\/div>\n\t\t\t\t\t<\/div>\n\t\t<\/section>\n\t\t\t\t<section class=\"elementor-section elementor-top-section elementor-element elementor-element-9c9c1b1 elementor-section-boxed elementor-section-height-default elementor-section-height-default\" data-id=\"9c9c1b1\" data-element_type=\"section\">\n\t\t\t\t\t\t<div class=\"elementor-container elementor-column-gap-default\">\n\t\t\t\t\t<div class=\"elementor-column elementor-col-100 elementor-top-column elementor-element elementor-element-cd0502f\" data-id=\"cd0502f\" data-element_type=\"column\">\n\t\t\t<div class=\"elementor-widget-wrap elementor-element-populated\">\n\t\t\t\t\t\t<div class=\"elementor-element elementor-element-072a4ea elementor-widget elementor-widget-text-editor\" data-id=\"072a4ea\" data-element_type=\"widget\" data-widget_type=\"text-editor.default\">\n\t\t\t\t<div class=\"elementor-widget-container\">\n\t\t\t\t\t\t\t\t\t<p><strong>Orph\u00e9a 33<\/strong>, c&#8217;est l&#8217;histoire d&#8217;une m\u00e8re qui fait l&#8217;exp\u00e9rience du deuil. La douleur est immense, le chagrin si cru qu&#8217;il en devient blanc. Qu&#8217;il en devient RIEN. Alors quoi ? On s&#8217;arr\u00eate et on regarde pousser les pissenlits sur le bord de la route ? Non. On a aussi le droit, et le pouvoir, de prendre rendez-vous avec tout. Avec soi, avec la vie et le grand bazar qui aboie \u00e0 sa suite.<\/p><p>Alors, recommen\u00e7ons.<\/p><p><strong>Orph\u00e9a 33<\/strong>, c&#8217;est l&#8217;histoire d&#8217;une femme qui prend la peine d&#8217;envisager sa peine, si courageusement que la peine devient porte. Se fait passage. Cette chute en elle-m\u00eame \u2013 car c&#8217;en est une- est l&#8217;occasion de convoquer sur sc\u00e8ne le mythe, le symbole, l&#8217;absurde et le cocasse, de cr\u00e9er des perc\u00e9es de lumi\u00e8re dans le labyrinthe et de transformer le plateau en une f\u00eate de th\u00e9\u00e2tre.<\/p><p>Une f\u00eate qui n&#8217;aurait de cesse de dire : et que vive la vie, et doux vent, les vivants.<\/p>\t\t\t\t\t\t\t\t<\/div>\n\t\t\t\t<\/div>\n\t\t\t\t\t<\/div>\n\t\t<\/div>\n\t\t\t\t\t<\/div>\n\t\t<\/section>\n\t\t\t\t<section class=\"elementor-section elementor-top-section elementor-element elementor-element-1eb079f elementor-section-boxed elementor-section-height-default elementor-section-height-default\" data-id=\"1eb079f\" data-element_type=\"section\">\n\t\t\t\t\t\t<div class=\"elementor-container elementor-column-gap-default\">\n\t\t\t\t\t<div class=\"elementor-column elementor-col-100 elementor-top-column elementor-element elementor-element-7e1dbdf\" data-id=\"7e1dbdf\" data-element_type=\"column\">\n\t\t\t<div class=\"elementor-widget-wrap elementor-element-populated\">\n\t\t\t\t\t\t<div class=\"elementor-element elementor-element-70b5022 elementor-align-center elementor-widget elementor-widget-button\" data-id=\"70b5022\" data-element_type=\"widget\" data-widget_type=\"button.default\">\n\t\t\t\t<div class=\"elementor-widget-container\">\n\t\t\t\t\t\t\t\t\t<div class=\"elementor-button-wrapper\">\n\t\t\t\t\t<a class=\"elementor-button elementor-button-link elementor-size-sm\" href=\"https:\/\/www.loiseaumonde.com\/wp-content\/uploads\/2025\/06\/Dossier-diffuison-Orphea-33-2025.pdf\">\n\t\t\t\t\t\t<span class=\"elementor-button-content-wrapper\">\n\t\t\t\t\t\t\t\t\t<span class=\"elementor-button-text\">Dossier de diffusion Orph\u00e9a 33<\/span>\n\t\t\t\t\t<\/span>\n\t\t\t\t\t<\/a>\n\t\t\t\t<\/div>\n\t\t\t\t\t\t\t\t<\/div>\n\t\t\t\t<\/div>\n\t\t\t\t\t<\/div>\n\t\t<\/div>\n\t\t\t\t\t<\/div>\n\t\t<\/section>\n\t\t\t\t<\/div>\n\t\t","protected":false},"excerpt":{"rendered":"<p>ORPHEA 33 Cr\u00e9ation 2025 Th\u00e9\u00e2tre Texte et mise en sc\u00e8ne : Alexandra Lucchesi Avec : Benoit Jayot Sarah Camus Alexandra Lucchesi Cr\u00e9ation sonore : Thomas Loyer D\u00e9cors : Julien Lett [&hellip;]<\/p>\n","protected":false},"author":1,"featured_media":0,"parent":0,"menu_order":3,"comment_status":"closed","ping_status":"open","template":"","meta":{"footnotes":""},"class_list":["post-1875","page","type-page","status-publish","hentry"],"_links":{"self":[{"href":"https:\/\/www.loiseaumonde.com\/en\/wp-json\/wp\/v2\/pages\/1875","targetHints":{"allow":["GET"]}}],"collection":[{"href":"https:\/\/www.loiseaumonde.com\/en\/wp-json\/wp\/v2\/pages"}],"about":[{"href":"https:\/\/www.loiseaumonde.com\/en\/wp-json\/wp\/v2\/types\/page"}],"author":[{"embeddable":true,"href":"https:\/\/www.loiseaumonde.com\/en\/wp-json\/wp\/v2\/users\/1"}],"replies":[{"embeddable":true,"href":"https:\/\/www.loiseaumonde.com\/en\/wp-json\/wp\/v2\/comments?post=1875"}],"version-history":[{"count":7,"href":"https:\/\/www.loiseaumonde.com\/en\/wp-json\/wp\/v2\/pages\/1875\/revisions"}],"predecessor-version":[{"id":2149,"href":"https:\/\/www.loiseaumonde.com\/en\/wp-json\/wp\/v2\/pages\/1875\/revisions\/2149"}],"wp:attachment":[{"href":"https:\/\/www.loiseaumonde.com\/en\/wp-json\/wp\/v2\/media?parent=1875"}],"curies":[{"name":"wp","href":"https:\/\/api.w.org\/{rel}","templated":true}]}}