{"id":405,"date":"2014-01-16T13:46:22","date_gmt":"2014-01-16T12:46:22","guid":{"rendered":"http:\/\/www.loiseaumonde.com\/?page_id=405"},"modified":"2025-06-06T12:12:59","modified_gmt":"2025-06-06T11:12:59","slug":"risk","status":"publish","type":"page","link":"https:\/\/www.loiseaumonde.com\/en\/risk\/","title":{"rendered":"RISK"},"content":{"rendered":"\t\t<div data-elementor-type=\"wp-page\" data-elementor-id=\"405\" class=\"elementor elementor-405\">\n\t\t\t\t\t\t<section class=\"elementor-section elementor-top-section elementor-element elementor-element-27843846 elementor-section-boxed elementor-section-height-default elementor-section-height-default\" data-id=\"27843846\" data-element_type=\"section\">\n\t\t\t\t\t\t<div class=\"elementor-container elementor-column-gap-default\">\n\t\t\t\t\t<div class=\"elementor-column elementor-col-100 elementor-top-column elementor-element elementor-element-3088fcb8\" data-id=\"3088fcb8\" data-element_type=\"column\">\n\t\t\t<div class=\"elementor-widget-wrap elementor-element-populated\">\n\t\t\t\t\t\t<div class=\"elementor-element elementor-element-72338f3f elementor-widget elementor-widget-text-editor\" data-id=\"72338f3f\" data-element_type=\"widget\" data-widget_type=\"text-editor.default\">\n\t\t\t\t<div class=\"elementor-widget-container\">\n\t\t\t\t\t\t\t\t\t<p style=\"text-align: center;\"><a href=\"http:\/\/www.loiseaumonde.com\/wp-content\/uploads\/2019\/05\/Visuel-version-2019-risk.png\"><img fetchpriority=\"high\" decoding=\"async\" class=\"aligncenter size-full wp-image-1835\" src=\"http:\/\/www.loiseaumonde.com\/wp-content\/uploads\/2024\/08\/AFFICHE-RISK-SANS-CADRE-2024-2025.png\" alt=\"\" width=\"3704\" height=\"5480\" data-id=\"1835\" srcset=\"https:\/\/www.loiseaumonde.com\/wp-content\/uploads\/2024\/08\/AFFICHE-RISK-SANS-CADRE-2024-2025.png 3704w, https:\/\/www.loiseaumonde.com\/wp-content\/uploads\/2024\/08\/AFFICHE-RISK-SANS-CADRE-2024-2025-203x300.png 203w, https:\/\/www.loiseaumonde.com\/wp-content\/uploads\/2024\/08\/AFFICHE-RISK-SANS-CADRE-2024-2025-692x1024.png 692w, https:\/\/www.loiseaumonde.com\/wp-content\/uploads\/2024\/08\/AFFICHE-RISK-SANS-CADRE-2024-2025-768x1136.png 768w, https:\/\/www.loiseaumonde.com\/wp-content\/uploads\/2024\/08\/AFFICHE-RISK-SANS-CADRE-2024-2025-1038x1536.png 1038w, https:\/\/www.loiseaumonde.com\/wp-content\/uploads\/2024\/08\/AFFICHE-RISK-SANS-CADRE-2024-2025-1384x2048.png 1384w, https:\/\/www.loiseaumonde.com\/wp-content\/uploads\/2024\/08\/AFFICHE-RISK-SANS-CADRE-2024-2025-750x1110.png 750w, https:\/\/www.loiseaumonde.com\/wp-content\/uploads\/2024\/08\/AFFICHE-RISK-SANS-CADRE-2024-2025-400x592.png 400w, https:\/\/www.loiseaumonde.com\/wp-content\/uploads\/2024\/08\/AFFICHE-RISK-SANS-CADRE-2024-2025-430x636.png 430w, https:\/\/www.loiseaumonde.com\/wp-content\/uploads\/2024\/08\/AFFICHE-RISK-SANS-CADRE-2024-2025-150x222.png 150w, https:\/\/www.loiseaumonde.com\/wp-content\/uploads\/2024\/08\/AFFICHE-RISK-SANS-CADRE-2024-2025-100x148.png 100w\" sizes=\"(max-width: 3704px) 100vw, 3704px\" \/><\/a><\/p><p><span style=\"color: #ffffff;\">a<\/span><\/p><p style=\"text-align: center;\"><span style=\"color: #ff0000;\"><strong>Ce dispositif a re\u00e7u l&#8217;agr\u00e9ment de l&#8217;\u00e9ducation nationale en 2020<\/strong><\/span><\/p><h1 style=\"text-align: center;\">RISK\u00a0\u00a0<\/h1><h3 style=\"text-align: center;\">THEATRE &amp; ADDICTION\u00a0<\/h3><h3 style=\"text-align: center;\">Action pr\u00e9ventive et informative des conduites \u00e0 risques<\/h3><h5 style=\"text-align: center;\">Alcool &#8211; Tabac &#8211; IST &#8211; Cannabis &#8211; Addictions comportementales<\/h5><p style=\"text-align: center;\">\u00a0<\/p>\t\t\t\t\t\t\t\t<\/div>\n\t\t\t\t<\/div>\n\t\t\t\t<div class=\"elementor-element elementor-element-fd656ed elementor-widget elementor-widget-text-editor\" data-id=\"fd656ed\" data-element_type=\"widget\" data-widget_type=\"text-editor.default\">\n\t\t\t\t<div class=\"elementor-widget-container\">\n\t\t\t\t\t\t\t\t\t<p><strong><span style=\"text-align: justify; color: var( --e-global-color-text ); font-family: var( --e-global-typography-text-font-family ); font-size: 16px;\"><i>Risk\u00a0<\/i><\/span><\/strong><span style=\"text-align: justify; color: var( --e-global-color-text ); font-family: var( --e-global-typography-text-font-family ); font-weight: var( --e-global-typography-text-font-weight ); font-size: 16px;\">est un panel de sayn\u00e8tes qui ont \u00e9t\u00e9 \u00e9crites \u00e0 la demande de D\u00e9pendances 21 et de SOS H\u00e9patites (21) afin de faire \u00e9merger une conf\u00e9rence th\u00e9\u00e2tralis\u00e9e qui s&#8217;adresserait \u00e0 tous.\u00a0Ici, pas de d\u00e9corum divertissant ni d&#8217;accessoires superflus mais une sc\u00e9nographie simple et un espace presque nu qui permettent \u00e0 la parole des vivants de r\u00e9sonner pleinement.\u00a0Le parti pris du masque blanc, que l&#8217;on \u00f4te en d\u00e9but de sc\u00e8ne et que l&#8217;on remet une fois celle-ci achev\u00e9e, s&#8217;est d&#8217;embl\u00e9e impos\u00e9 afin de permettre aux com\u00e9diens de glisser ais\u00e9ment d&#8217;un r\u00f4le \u00e0 l&#8217;autre\u00a0: ils conjuguent ainsi tous les visages sur leurs faces sans qu&#8217;aucun ne s&#8217;y attarde trop longuement.\u00a0<\/span><strong style=\"text-align: justify; color: var( --e-global-color-text ); font-family: var( --e-global-typography-text-font-family ); font-size: 16px;\"><em>Risk\u00a0<\/em><\/strong><span style=\"text-align: justify; color: var( --e-global-color-text ); font-family: var( --e-global-typography-text-font-family ); font-weight: var( --e-global-typography-text-font-weight ); font-size: 16px;\">est un foisonnement, un essaim de vivants rassembl\u00e9s qui , par-del\u00e0 la maladie et la d\u00e9pendance, vous feront entendre le discours confus de l&#8217;existence, sa force, sa vitalit\u00e9, son rire, sa brutalit\u00e9, sa cocasserie, sa fragilit\u00e9, sa po\u00e9sie.<\/span><\/p>\t\t\t\t\t\t\t\t<\/div>\n\t\t\t\t<\/div>\n\t\t\t\t<div class=\"elementor-element elementor-element-8f5d7fb elementor-align-center elementor-widget elementor-widget-button\" data-id=\"8f5d7fb\" data-element_type=\"widget\" data-widget_type=\"button.default\">\n\t\t\t\t<div class=\"elementor-widget-container\">\n\t\t\t\t\t\t\t\t\t<div class=\"elementor-button-wrapper\">\n\t\t\t\t\t<a class=\"elementor-button elementor-button-link elementor-size-sm\" href=\"https:\/\/www.loiseaumonde.com\/wp-content\/uploads\/2025\/06\/Dossier-de-diffusion-Risk-2025.pdf\">\n\t\t\t\t\t\t<span class=\"elementor-button-content-wrapper\">\n\t\t\t\t\t\t\t\t\t<span class=\"elementor-button-text\">Dossier de diffusion Risk \u00e0 t\u00e9l\u00e9charger<\/span>\n\t\t\t\t\t<\/span>\n\t\t\t\t\t<\/a>\n\t\t\t\t<\/div>\n\t\t\t\t\t\t\t\t<\/div>\n\t\t\t\t<\/div>\n\t\t\t\t<div class=\"elementor-element elementor-element-f4df7ed elementor-align-center elementor-widget elementor-widget-button\" data-id=\"f4df7ed\" data-element_type=\"widget\" data-widget_type=\"button.default\">\n\t\t\t\t<div class=\"elementor-widget-container\">\n\t\t\t\t\t\t\t\t\t<div class=\"elementor-button-wrapper\">\n\t\t\t\t\t<a class=\"elementor-button elementor-button-link elementor-size-sm\" href=\"http:\/\/www.loiseaumonde.com\/wp-content\/uploads\/2014\/01\/Page-BP-Risk.pdf\">\n\t\t\t\t\t\t<span class=\"elementor-button-content-wrapper\">\n\t\t\t\t\t\t\t\t\t<span class=\"elementor-button-text\">PRESSE<\/span>\n\t\t\t\t\t<\/span>\n\t\t\t\t\t<\/a>\n\t\t\t\t<\/div>\n\t\t\t\t\t\t\t\t<\/div>\n\t\t\t\t<\/div>\n\t\t\t\t\t<\/div>\n\t\t<\/div>\n\t\t\t\t\t<\/div>\n\t\t<\/section>\n\t\t\t\t<section class=\"elementor-section elementor-top-section elementor-element elementor-element-7aa8948 elementor-section-boxed elementor-section-height-default elementor-section-height-default\" data-id=\"7aa8948\" data-element_type=\"section\">\n\t\t\t\t\t\t<div class=\"elementor-container elementor-column-gap-default\">\n\t\t\t\t\t<div class=\"elementor-column elementor-col-100 elementor-top-column elementor-element elementor-element-fa26d54\" data-id=\"fa26d54\" data-element_type=\"column\">\n\t\t\t<div class=\"elementor-widget-wrap elementor-element-populated\">\n\t\t\t\t\t\t<div class=\"elementor-element elementor-element-0740fd0 elementor-widget elementor-widget-image\" data-id=\"0740fd0\" data-element_type=\"widget\" data-widget_type=\"image.default\">\n\t\t\t\t<div class=\"elementor-widget-container\">\n\t\t\t\t\t\t\t\t\t\t\t\t\t\t\t<img decoding=\"async\" width=\"300\" height=\"61\" src=\"https:\/\/www.loiseaumonde.com\/wp-content\/uploads\/2014\/01\/logospour-montageokokoklkllll-300x61.png\" class=\"attachment-medium size-medium wp-image-727\" alt=\"\" srcset=\"https:\/\/www.loiseaumonde.com\/wp-content\/uploads\/2014\/01\/logospour-montageokokoklkllll-300x61.png 300w, https:\/\/www.loiseaumonde.com\/wp-content\/uploads\/2014\/01\/logospour-montageokokoklkllll-400x81.png 400w, https:\/\/www.loiseaumonde.com\/wp-content\/uploads\/2014\/01\/logospour-montageokokoklkllll-430x87.png 430w, https:\/\/www.loiseaumonde.com\/wp-content\/uploads\/2014\/01\/logospour-montageokokoklkllll-150x31.png 150w, https:\/\/www.loiseaumonde.com\/wp-content\/uploads\/2014\/01\/logospour-montageokokoklkllll-100x20.png 100w, https:\/\/www.loiseaumonde.com\/wp-content\/uploads\/2014\/01\/logospour-montageokokoklkllll.png 639w\" sizes=\"(max-width: 300px) 100vw, 300px\" \/>\t\t\t\t\t\t\t\t\t\t\t\t\t\t\t<\/div>\n\t\t\t\t<\/div>\n\t\t\t\t\t<\/div>\n\t\t<\/div>\n\t\t\t\t\t<\/div>\n\t\t<\/section>\n\t\t\t\t<\/div>\n\t\t","protected":false},"excerpt":{"rendered":"<p>a Ce dispositif a re\u00e7u l&#8217;agr\u00e9ment de l&#8217;\u00e9ducation nationale en 2020 RISK\u00a0\u00a0 THEATRE &amp; ADDICTION\u00a0 Action pr\u00e9ventive et informative des conduites \u00e0 risques Alcool &#8211; Tabac &#8211; IST &#8211; Cannabis [&hellip;]<\/p>\n","protected":false},"author":1,"featured_media":0,"parent":0,"menu_order":6,"comment_status":"closed","ping_status":"closed","template":"","meta":{"footnotes":""},"class_list":["post-405","page","type-page","status-publish","hentry"],"_links":{"self":[{"href":"https:\/\/www.loiseaumonde.com\/en\/wp-json\/wp\/v2\/pages\/405","targetHints":{"allow":["GET"]}}],"collection":[{"href":"https:\/\/www.loiseaumonde.com\/en\/wp-json\/wp\/v2\/pages"}],"about":[{"href":"https:\/\/www.loiseaumonde.com\/en\/wp-json\/wp\/v2\/types\/page"}],"author":[{"embeddable":true,"href":"https:\/\/www.loiseaumonde.com\/en\/wp-json\/wp\/v2\/users\/1"}],"replies":[{"embeddable":true,"href":"https:\/\/www.loiseaumonde.com\/en\/wp-json\/wp\/v2\/comments?post=405"}],"version-history":[{"count":71,"href":"https:\/\/www.loiseaumonde.com\/en\/wp-json\/wp\/v2\/pages\/405\/revisions"}],"predecessor-version":[{"id":2154,"href":"https:\/\/www.loiseaumonde.com\/en\/wp-json\/wp\/v2\/pages\/405\/revisions\/2154"}],"wp:attachment":[{"href":"https:\/\/www.loiseaumonde.com\/en\/wp-json\/wp\/v2\/media?parent=405"}],"curies":[{"name":"wp","href":"https:\/\/api.w.org\/{rel}","templated":true}]}}