{"id":414,"date":"2014-01-17T13:20:15","date_gmt":"2014-01-17T12:20:15","guid":{"rendered":"http:\/\/www.loiseaumonde.com\/?page_id=414"},"modified":"2022-10-27T15:22:49","modified_gmt":"2022-10-27T14:22:49","slug":"agenda","status":"publish","type":"page","link":"https:\/\/www.loiseaumonde.com\/en\/agenda\/","title":{"rendered":"AGENDA ancienne version"},"content":{"rendered":"<h3>Septembre 2018<\/h3>\n<p><strong>Risk&#8217;n&#8217;Roll<\/strong><\/p>\n<p>Lundi 10 septembre \/ Dijon<\/p>\n<p>&nbsp;<\/p>\n<h3>Mars 2018<\/h3>\n<p><strong>Un Dromadaire en D\u00e9mocratie<\/strong><\/p>\n<p>Jeudi 8 mars \/ Creusot<\/p>\n<p>______<\/p>\n<p><strong>Risk&#8217;n&#8217;Roll<\/strong><\/p>\n<p>Mardi 13 mars \/ Nevers<\/p>\n<p>&nbsp;<\/p>\n<h3>D\u00e9cembre 2017<\/h3>\n<p><strong>Un Dromadaire en D\u00e9mocratie\u00a0<\/strong><\/p>\n<p>Mardi 12 d\u00e9cembre \/ Chatillon-sur-Seine<\/p>\n<p>______<\/p>\n<p><strong>Risk&#8217;n&#8217;Roll<\/strong><\/p>\n<p>Lundi 11 d\u00e9cembre \/ Fontaines<\/p>\n<p>Jeudi 14 et vendredi 15 d\u00e9cembre \/ Auxonne<\/p>\n<p>Jeudi 21 d\u00e9cembre \/ Decize<\/p>\n<p>&nbsp;<\/p>\n<h3>Novembre 2017<\/h3>\n<p><strong>Un Dromadaire en D\u00e9mocratie<\/strong><\/p>\n<p>Samedi 25 novembre \/ Barbirey-sur-Ouche<\/p>\n<p>______<\/p>\n<p><strong>Risk&#8217;n&#8217;Roll<\/strong><\/p>\n<p>Vendredi 24 novembre \/ Nevers<\/p>\n<p>&nbsp;<\/p>\n<h3>Octobre 2017<\/h3>\n<p><strong>Un Dromadaire en D\u00e9mocratie<\/strong><\/p>\n<p>Jeudi 19 octobre \/ Semur-en-Auxois<\/p>\n<p>&nbsp;<\/p>\n<h3>Juin 2017<\/h3>\n<p><strong>Un Dromadaire en D\u00e9mocratie \/ <\/strong>H\u00f4tel de Vog\u00fce \u00e0<strong>\u00a0<\/strong>Dijon<\/p>\n<p>Du jeudi 1 au samedi 3 juin \u00e0 <strong>20H<\/strong><\/p>\n<p>Et le dimanche 4 juin \u00e0 <strong>17H<\/strong><\/p>\n<p>&nbsp;<\/p>\n<h3>Avril 2017<\/h3>\n<p><strong>Confluences<\/strong>\u00a0&#8211; <strong>Repr\u00e9sentation de <em>Sous l&#8217;arbre et autres bavardages\u00a0<\/em><\/strong>\/ COS-CRF Divio<\/p>\n<p>Mercredi 19 avril \u00e0 <strong>17h\u00a0<\/strong><\/p>\n<p>&nbsp;<\/p>\n<h3>Janvier 2017<\/h3>\n<p>&nbsp;<\/p>\n<p><strong>Risk&#8217;n&#8217;Roll <\/strong>\/ Brochon<strong>\u00a0<\/strong><\/p>\n<p>Mardi 10 janvier<\/p>\n<p>&nbsp;<\/p>\n<h3>D\u00e9cembre 2016<\/h3>\n<p>&nbsp;<\/p>\n<p><strong>Un Dromadaire en d\u00e9mocratie <\/strong>\/ Dijon<\/p>\n<p>Samedi 28 d\u00e9cembre<\/p>\n<p>______<\/p>\n<p><strong>Risk&#8217;n&#8217;Roll<\/strong> \/ Semur-en-Auxois<\/p>\n<p>Jeudi 1er d\u00e9cembre<\/p>\n<p>______<\/p>\n<p><strong>Un Dromadaire en d\u00e9mocratie <\/strong>\/ Dijon<\/p>\n<p>Samedi 3 d\u00e9cembre<\/p>\n<p>______<\/p>\n<p><strong>Risk&#8217;n&#8217;Roll \/ <\/strong>Brochon<\/p>\n<p>Vendredi 9 d\u00e9cembre<\/p>\n<p>&nbsp;<\/p>\n<h3>Novembre 2016<\/h3>\n<p>&nbsp;<\/p>\n<p><strong>Risk&#8217;n&#8217;Roll<\/strong> \/\u00a0Le Creusot<\/p>\n<p>Mardi 8 novembre<\/p>\n<p>______<\/p>\n<p><strong>Risk&#8217;n&#8217;Roll <\/strong>\/ Dijon<\/p>\n<p>Jeudi 10 novembre<\/p>\n<p>______<\/p>\n<p><strong>Risk&#8217;n&#8217;Roll <\/strong>\/ Tonerre<\/p>\n<p>Mercredi 16 novembre<\/p>\n<p>______<\/p>\n<p><strong>Un Dromadaire en d\u00e9mocratie <\/strong>\/ Tours<\/p>\n<p>19 &amp; 20 novembre<\/p>\n<p>______<\/p>\n<p><strong>Risk&#8217;n&#8217;Roll<\/strong> \/\u00a0Longchamp<\/p>\n<p>Lundi 21 novembre<\/p>\n<p>______<\/p>\n<p><strong>Risk&#8217;n&#8217;Roll <\/strong>\/ Charolles<\/p>\n<p>Mardi 29 novembre<\/p>\n<p>______<\/p>\n<p><strong>Risk&#8217;n&#8217;Roll <\/strong>\/ Fontaines<\/p>\n<p>Mercredi 30 novembre<\/p>\n<p>&nbsp;<\/p>\n<h3>Octobre 2016<\/h3>\n<p>&nbsp;<\/p>\n<p><strong>Risk&#8217;n&#8217;Roll<\/strong> \/ Auxonne<\/p>\n<p>Lundi 10 et mardi 11 octobre<\/p>\n<p>&nbsp;<\/p>\n<h3>\u00a0Septembre 2016<\/h3>\n<p>&nbsp;<\/p>\n<p><strong>Risk&#8217;n&#8217;Roll<\/strong> \/\u00a0Lyc\u00e9e Militaire &#8211; Autun<\/p>\n<p>Mercredi 7 septembre<\/p>\n<p>&nbsp;<\/p>\n<h3>D\u00e9cembre 2015<\/h3>\n<p>&nbsp;<\/p>\n<p><strong>Risk&#8217;n&#8217;Roll<\/strong>\u00a0\/\u00a0Lyc\u00e9e Nicephore Niepce &#8211; Chalon sur Sa\u00f4ne<\/p>\n<p>Mercredi 2 d\u00e9cembre<\/p>\n<p>_____<\/p>\n<p><strong>Risk&#8217;n&#8217;Roll<\/strong>\u00a0\/\u00a0Lyc\u00e9e Stephen Liegeard \u2013 Brochon<\/p>\n<p>Jeudi 10 d\u00e9cembre et vendredi 11 d\u00e9cembre<\/p>\n<p>_____<\/p>\n<p><strong>Risk&#8217;n&#8217;Roll<\/strong>\u00a0\/\u00a0MFR Grandchamp \u2013 Agencourt<\/p>\n<p>15 d\u00e9cembre<\/p>\n<p>&nbsp;<\/p>\n<h3>Novembre 2015<\/h3>\n<p>&nbsp;<\/p>\n<p><strong>Risk&#8217;n&#8217;Roll<\/strong>\u00a0\/\u00a0Lyc\u00e9e F\u00e9lix Kir &#8211; Plombi\u00e8res les Dijon<\/p>\n<p>Jeudi 5 novembre<\/p>\n<p>_____<\/p>\n<p><strong>Risk&#8217;n&#8217;Roll<\/strong>\u00a0\/\u00a0Lyc\u00e9e Castel \u2013 Dijon<\/p>\n<p>Lundi 9 novembre<\/p>\n<p>_____<\/p>\n<p><strong>Risk&#8217;n&#8217;Roll<\/strong>\u00a0\/ &#8220;Le Sas&#8221; Acod\u00e8ge \u00a0\u2013 Dijon<\/p>\n<p>Jeudi 19 novembre<\/p>\n<p>_____<\/p>\n<p><strong>Risk&#8217;n&#8217;Roll<\/strong>\u00a0\/\u00a0Lyc\u00e9e les Marcs d&#8217;Or \u2013 Dijon<\/p>\n<p>Jeudi 26 novembre<\/p>\n<p>&nbsp;<\/p>\n<h3>Octobre 2015<\/h3>\n<p>&nbsp;<\/p>\n<p><strong>Risk&#8217;n&#8217;Roll<\/strong> \/\u00a0Lyc\u00e9e Militaire &#8211; Autun<\/p>\n<p>Jeudi 1er octobre<\/p>\n<p>_____<\/p>\n<p><strong>Risk&#8217;n&#8217;Roll<\/strong> \/\u00a0\u00a0Lyc\u00e9e professionnel Astier &#8211; Paray le Monial<\/p>\n<p>Vendredi 2 octobre<\/p>\n<p>_____<\/p>\n<p><strong>Risk&#8217;n&#8217;Roll<\/strong> \/\u00a0\u00a0Lyc\u00e9e Pierre-Gilles de G\u00e8nes &#8211; Cosne sur Loire<\/p>\n<p>Lundi 5 et mardi 6 octobre<\/p>\n<p>_____<\/p>\n<p><strong>Risk&#8217;n&#8217;Roll<\/strong> \/\u00a0Lyc\u00e9e des m\u00e9tiers Fran\u00e7ois Mitt\u00e9rand &#8211; Ch\u00e2teau Chinon<\/p>\n<p>Mercredi 7 octobre<\/p>\n<p>&nbsp;<\/p>\n<h3>Juin 2015<\/h3>\n<p>&nbsp;<\/p>\n<p>La potion d&#8217; Oubilgouba Tsoin-tsoin \/ Les sorci\u00e8res en foire \/ M\u00e2lain (21)<\/p>\n<p>Samedi 6 et dimanche 7 juin 2015<\/p>\n<p>&nbsp;<\/p>\n<h3>Avril 2015<\/h3>\n<p>Le r\u00eave d&#8217;Ir\u00e8ne \/ Bistrot de la sc\u00e8ne<\/p>\n<p>Mercredi 1 &amp; 8 avril 2015 &#8211; 15H et 17H<\/p>\n<p>&nbsp;<\/p>\n<h3>F\u00e9vrier 2015<\/h3>\n<p>Risk&#8217;n&#8217;roll \/ LEGTA de Fontaines (71)<\/p>\n<p>Jeudi 5 f\u00e9vrier 2015<\/p>\n<p>&nbsp;<\/p>\n<h3>Janvier 2015<\/h3>\n<p>Le r\u00eave d&#8217;Ir\u00e8ne \/ Joigny (89) Salle Debussy<\/p>\n<p>Vendredi 30 janvier 2015 \u00e0 20H<\/p>\n<p>&nbsp;<\/p>\n<h3>D\u00e9cembre 2014<\/h3>\n<p>Ah-Bon le petit gar\u00e7on \/ Halte garderie Les p&#8217;tits cailloux \u00e0 Mirebeau sur B\u00e8ze<\/p>\n<p>Vendredi 19 d\u00e9cembre 2014<\/p>\n<p>_____<\/p>\n<p>Le r\u00eave d&#8217;Ir\u00e8ne \/ Fixin<\/p>\n<p>Dimanche 14 d\u00e9cembre 2014<\/p>\n<p>&nbsp;<\/p>\n<h3>Novembre 2014<\/h3>\n<p>Risk&#8217;n&#8217;roll \/ Forum Bouje \u00e0 Nevers<\/p>\n<p>Jeudi 6 novembre 2014<\/p>\n<p>&nbsp;<\/p>\n<h3>Septembre 2014<\/h3>\n<p>Risk&#8217;n&#8217;roll \/ Marcs d&#8217;Or<\/p>\n<p>Jeudi 25 septembre 2014<\/p>\n<p>_____<\/p>\n<p>Joie \/ Moulin de Hausse C\u00f4te<\/p>\n<p>Samedi 20 septembre 2014<\/p>\n<p>&nbsp;<\/p>\n<h3>Juillet 2014<\/h3>\n<p>R\u00e9sidence au Petit Th\u00e9\u00e2tre des Prairies de Quetigny \/ Ah-Bon le petit gar\u00e7on<\/p>\n<p>&nbsp;<\/p>\n<h3>Juin 2014<\/h3>\n<p>Pr\u00e9sentation d&#8217;atelier \/ Th\u00e9\u00e2tre de Fontaine d&#8217;Ouche<\/p>\n<h3><a href=\"http:\/\/www.loiseaumonde.com\/wp-content\/uploads\/2014\/01\/Affiche-atelier-spectacle.jpg\"><img fetchpriority=\"high\" decoding=\"async\" src=\"http:\/\/www.loiseaumonde.com\/wp-content\/uploads\/2014\/01\/Affiche-atelier-spectacle-211x300.jpg\" alt=\"Affiche atelier spectacle\" width=\"211\" height=\"300\" data-id=\"505\" \/><\/a><\/h3>\n<p>Jeudi 26 juin<\/p>\n<p>_____<\/p>\n<p>Pigments \/ La fabrique \u00e0 Dole<\/p>\n<p><a href=\"http:\/\/www.loiseaumonde.com\/wp-content\/uploads\/2014\/05\/10383021_675094559212358_3049998337237737240_n.jpg\"><img decoding=\"async\" class=\"alignnone size-medium wp-image-500\" src=\"http:\/\/www.loiseaumonde.com\/wp-content\/uploads\/2014\/05\/10383021_675094559212358_3049998337237737240_n-210x300.jpg\" alt=\"10383021_675094559212358_3049998337237737240_n\" width=\"210\" height=\"300\" data-id=\"500\" srcset=\"https:\/\/www.loiseaumonde.com\/wp-content\/uploads\/2014\/05\/10383021_675094559212358_3049998337237737240_n-210x300.jpg 210w, https:\/\/www.loiseaumonde.com\/wp-content\/uploads\/2014\/05\/10383021_675094559212358_3049998337237737240_n.jpg 378w\" sizes=\"(max-width: 210px) 100vw, 210px\" \/><\/a><\/p>\n<p>Vendredi 13 juin<\/p>\n<p>Samedi 14 juin<\/p>\n<p>Dimanche 15 juin<\/p>\n<p><span style=\"text-decoration: underline;\">_____<br \/>\n<\/span><\/p>\n<p>Malbouffoum Rigolum \/ Sessad du lac Dijon<\/p>\n<p>Samedi 14 juin<\/p>\n<p>&nbsp;<\/p>\n<h3>Mai 2014<\/h3>\n<p>Pigments \/ La Fabrique \u00e0 Dole<\/p>\n<p>Vendredi 23 mai<\/p>\n<p>Samedi 24 mai<\/p>\n<p>Dimanche 25 mai<\/p>\n<p>&nbsp;<\/p>\n<h3>F\u00e9vrier 2014<\/h3>\n<p>Vacarmes \/ Conf\u00e9rence avec SOS H\u00e9patites au Lyc\u00e9e des Arcades \u00e0 Dijon<\/p>\n<p>20 f\u00e9vrier 2014<\/p>\n<p>&nbsp;<\/p>\n<h3>D\u00e9cembre 2013<\/h3>\n<p>Le r\u00eave d&#8217;Ir\u00e8ne \/ Th\u00e9\u00e2tre La lanterne magique \u00e0 Beaune<\/p>\n<p>28 d\u00e9cembre 2013<\/p>\n<p><span style=\"text-decoration: underline;\">\u00a0\u00a0\u00a0\u00a0\u00a0\u00a0\u00a0\u00a0\u00a0\u00a0\u00a0\u00a0 <\/span><\/p>\n<p>Le r\u00eave d&#8217;Ir\u00e8ne \/ \u00c9cole St Joseph<\/p>\n<p>20 d\u00e9cembre 2013<\/p>\n<p><span style=\"text-decoration: underline;\">\u00a0\u00a0\u00a0\u00a0\u00a0\u00a0\u00a0\u00a0\u00a0\u00a0\u00a0\u00a0<\/span><\/p>\n<p>Vacarmes \/ Lyc\u00e9e de Semur-en-Auxois<\/p>\n<p>19 d\u00e9cembre 2013<\/p>\n<p><span style=\"text-decoration: underline;\">\u00a0\u00a0\u00a0\u00a0\u00a0\u00a0\u00a0\u00a0\u00a0\u00a0\u00a0\u00a0<\/span><\/p>\n<p>Le r\u00eave d&#8217;Ir\u00e8ne \/ Centre social de Gevrey Chambertin<\/p>\n<p>18 d\u00e9cembre 2013<\/p>\n<p><span style=\"text-decoration: underline;\">\u00a0\u00a0\u00a0\u00a0\u00a0\u00a0\u00a0\u00a0\u00a0\u00a0\u00a0\u00a0<\/span><\/p>\n<p>Le r\u00eave d&#8217;Ir\u00e8ne \/ \u00c9cole de Saint-Usage<\/p>\n<p>13 d\u00e9cembre 2013<\/p>\n<p>&nbsp;<\/p>\n<h3>Novembre 2013<\/h3>\n<p>Vacarmes \/ Conf\u00e9rence avec D\u00e9pendances 21 \u00e0 St Apollinaire<\/p>\n<p>15 novembre 2013<\/p>\n<p>&nbsp;<\/p>\n<p><script id=\"button_db_book\" src=\"\/\/www.enstreaming.com\/plugins\/plugin3.php\" type=\"text\/javascript\"><\/script><input id=\"ens_ver\" type=\"hidden\" value=\"v1\" \/><br \/>\n<script id=\"button_db_book\" src=\"\/\/www.enstreaming.com\/plugins\/plugin3.php\" type=\"text\/javascript\"><\/script><input id=\"ens_ver\" type=\"hidden\" value=\"v1\" \/><\/p>\n<p><script id=\"button_db_book\" src=\"\/\/www.enstreaming.com\/plugins\/plugin3.php\" type=\"text\/javascript\"><\/script><input id=\"ens_ver\" type=\"hidden\" value=\"v1\" \/><br \/>\n<script id=\"button_db_book\" src=\"\/\/www.enstreaming.com\/plugins\/plugin3.php\" type=\"text\/javascript\"><\/script><input id=\"ens_ver\" type=\"hidden\" value=\"v1\" \/><\/p>\n<p><script id=\"button_db_book\" src=\"\/\/www.enstreaming.com\/plugins\/plugin3.php\" type=\"text\/javascript\"><\/script><input id=\"ens_ver\" type=\"hidden\" value=\"v1\" \/><br \/>\n<script id=\"button_db_book\" src=\"\/\/www.enstreaming.com\/plugins\/plugin3.php\" type=\"text\/javascript\"><\/script><input id=\"ens_ver\" type=\"hidden\" value=\"v1\" \/><\/p>\n","protected":false},"excerpt":{"rendered":"<p>Septembre 2018 Risk&#8217;n&#8217;Roll Lundi 10 septembre \/ Dijon &nbsp; Mars 2018 Un Dromadaire en D\u00e9mocratie Jeudi 8 mars \/ Creusot ______ Risk&#8217;n&#8217;Roll Mardi 13 mars \/ Nevers &nbsp; D\u00e9cembre 2017 [&hellip;]<\/p>\n","protected":false},"author":1,"featured_media":0,"parent":0,"menu_order":4,"comment_status":"closed","ping_status":"closed","template":"","meta":{"footnotes":""},"class_list":["post-414","page","type-page","status-publish","hentry"],"_links":{"self":[{"href":"https:\/\/www.loiseaumonde.com\/en\/wp-json\/wp\/v2\/pages\/414","targetHints":{"allow":["GET"]}}],"collection":[{"href":"https:\/\/www.loiseaumonde.com\/en\/wp-json\/wp\/v2\/pages"}],"about":[{"href":"https:\/\/www.loiseaumonde.com\/en\/wp-json\/wp\/v2\/types\/page"}],"author":[{"embeddable":true,"href":"https:\/\/www.loiseaumonde.com\/en\/wp-json\/wp\/v2\/users\/1"}],"replies":[{"embeddable":true,"href":"https:\/\/www.loiseaumonde.com\/en\/wp-json\/wp\/v2\/comments?post=414"}],"version-history":[{"count":42,"href":"https:\/\/www.loiseaumonde.com\/en\/wp-json\/wp\/v2\/pages\/414\/revisions"}],"predecessor-version":[{"id":1641,"href":"https:\/\/www.loiseaumonde.com\/en\/wp-json\/wp\/v2\/pages\/414\/revisions\/1641"}],"wp:attachment":[{"href":"https:\/\/www.loiseaumonde.com\/en\/wp-json\/wp\/v2\/media?parent=414"}],"curies":[{"name":"wp","href":"https:\/\/api.w.org\/{rel}","templated":true}]}}