{"id":813,"date":"2016-12-01T00:52:30","date_gmt":"2016-11-30T23:52:30","guid":{"rendered":"http:\/\/www.loiseaumonde.com\/?page_id=813"},"modified":"2017-07-13T12:54:11","modified_gmt":"2017-07-13T11:54:11","slug":"theatre-dappartement","status":"publish","type":"page","link":"https:\/\/www.loiseaumonde.com\/en\/theatre-dappartement\/","title":{"rendered":"THEATRE D&#8217;APPARTEMENT"},"content":{"rendered":"<h4><a href=\"http:\/\/www.loiseaumonde.com\/wp-content\/uploads\/2016\/12\/Fly-face-ok.png\"><img fetchpriority=\"high\" decoding=\"async\" class=\"alignnone wp-image-814 aligncenter\" src=\"http:\/\/www.loiseaumonde.com\/wp-content\/uploads\/2016\/12\/Fly-face-ok-683x1024.png\" alt=\"fly-face-ok\" width=\"318\" height=\"477\" data-id=\"814\" srcset=\"https:\/\/www.loiseaumonde.com\/wp-content\/uploads\/2016\/12\/Fly-face-ok-683x1024.png 683w, https:\/\/www.loiseaumonde.com\/wp-content\/uploads\/2016\/12\/Fly-face-ok-200x300.png 200w, https:\/\/www.loiseaumonde.com\/wp-content\/uploads\/2016\/12\/Fly-face-ok-768x1152.png 768w, https:\/\/www.loiseaumonde.com\/wp-content\/uploads\/2016\/12\/Fly-face-ok-750x1125.png 750w, https:\/\/www.loiseaumonde.com\/wp-content\/uploads\/2016\/12\/Fly-face-ok.png 1280w\" sizes=\"(max-width: 318px) 100vw, 318px\" \/><\/a><\/p>\n<style type=\"text\/css\">\n\t<!-- @page { margin: 2cm } P { margin-bottom: 0.21cm } --><br \/>\t<\/style>\n<\/h4>\n<p><span style=\"color: #ffffff;\">j<\/span><\/p>\n<h4 style=\"text-align: center;\" align=\"CENTER\"><div class=\"cycloneslider cycloneslider-template-default\" id=\"cycloneslider-un-dromadaire-en-democratie-1\" style=\"max-width:600px\"><div class=\"cycloneslider-slides cycle-slideshow\"\tdata-cycle-slides=\"&gt; div\"\tdata-cycle-auto-height=\"600:450\"\tdata-cycle-fx=\"fade\"\tdata-cycle-speed=\"1000\"\tdata-cycle-timeout=\"4000\"\tdata-cycle-pause-on-hover=\"true\"\tdata-cycle-pager=\"#cycloneslider-un-dromadaire-en-democratie-1 .cycloneslider-pager\"\tdata-cycle-prev=\"#cycloneslider-un-dromadaire-en-democratie-1 .cycloneslider-prev\"\tdata-cycle-next=\"#cycloneslider-un-dromadaire-en-democratie-1 .cycloneslider-next\"\tdata-cycle-tile-count=\"7\"\tdata-cycle-tile-delay=\"100\"\tdata-cycle-tile-vertical=\"true\"\tdata-cycle-log=\"false\"\t><div class=\"cycloneslider-slide\" ><img decoding=\"async\" src=\"https:\/\/www.loiseaumonde.com\/wp-content\/uploads\/2017\/07\/Dromadaire-04.jpg\" alt=\"\" title=\"\" \/><\/div><div class=\"cycloneslider-slide\" ><img decoding=\"async\" src=\"https:\/\/www.loiseaumonde.com\/wp-content\/uploads\/2017\/07\/Dromadaire-29.jpg\" alt=\"\" title=\"\" \/><\/div><div class=\"cycloneslider-slide\" ><img decoding=\"async\" src=\"https:\/\/www.loiseaumonde.com\/wp-content\/uploads\/2017\/07\/Dromadaire-52.jpg\" alt=\"\" title=\"\" \/><\/div><\/div><div class=\"cycloneslider-pager\"><\/div><div class=\"cycloneslider-prev\">Prev<\/div><div class=\"cycloneslider-next\">Next<\/div><\/div><\/h4>\n<p>&nbsp;<\/p>\n<h4 style=\"text-align: center;\" align=\"CENTER\"><b>En quelques mots<\/b><\/h4>\n<p>&nbsp;<\/p>\n<p>Ce seul en sc\u00e8ne \u2013 \u00e0 la distribution plurielle- est une fable sur la d\u00e9mocratie, qui l&#8217;\u00e9voque sans jamais la circonscrire vraiment. A quoi bon\u00a0?<\/p>\n<p>R\u00e9jouissons-nous plut\u00f4t autour de cette fresque dr\u00f4le sur le monde comme il va, rions pour faire un contrepoids d\u00e9cent aux discours politiques et aux n\u00e9ants dont ils sont tricot\u00e9s,<\/p>\n<p>Car apr\u00e8s le rire, parfois, viennent la profondeur et la beaut\u00e9 vibrante d&#8217;une pens\u00e9e partag\u00e9e.<\/p>\n<style type=\"text\/css\">\n\t<!-- @page { margin: 2cm } P { margin-bottom: 0.21cm } --><br \/>\t<\/style>\n<h4 style=\"text-align: center;\" align=\"CENTER\"><b>Extrait<\/b><\/h4>\n<p>&nbsp;<\/p>\n<p><b>Un homme, <\/b><i>courant\u00a0:<\/i><\/p>\n<p>Je voudrais vous demander ce qu&#8217;est pour vous la d\u00e9mocratie.<\/p>\n<p><b>Un commer\u00e7ant press\u00e9\u00a0:<\/b><\/p>\n<p>Voyons voir.<\/p>\n<p><i>Un temps.<\/i><\/p>\n<p>La d\u00e9mocratie est au peuple ce que les n\u00e9ons sont aux grands magasins\u00a0: une n\u00e9cessit\u00e9 qui luit.<\/p>\n<p><b>Un homme\u00a0:<\/b><\/p>\n<p>C&#8217;est votre d\u00e9finition\u00a0?<\/p>\n<p><b>Un commer\u00e7ant press\u00e9\u00a0:<\/b><\/p>\n<p>Ah non, c&#8217;est plus que \u00e7a\u00a0: c&#8217;est un slogan.<\/p>\n<p><b>Un homme<\/b><i>\u00a0<\/i>:<\/p>\n<p>Hors de ma vue\u00a0!<\/p>\n<p><span style=\"color: #ffffff;\">j<\/span><\/p>\n<p style=\"text-align: center;\"><div class=\"cycloneslider cycloneslider-template-default\" id=\"cycloneslider-920-2\" style=\"max-width:600px\"><div class=\"cycloneslider-slides cycle-slideshow\"\tdata-cycle-slides=\"&gt; div\"\tdata-cycle-auto-height=\"600:600\"\tdata-cycle-fx=\"fade\"\tdata-cycle-speed=\"1000\"\tdata-cycle-timeout=\"4000\"\tdata-cycle-pause-on-hover=\"true\"\tdata-cycle-pager=\"#cycloneslider-920-2 .cycloneslider-pager\"\tdata-cycle-prev=\"#cycloneslider-920-2 .cycloneslider-prev\"\tdata-cycle-next=\"#cycloneslider-920-2 .cycloneslider-next\"\tdata-cycle-tile-count=\"7\"\tdata-cycle-tile-delay=\"100\"\tdata-cycle-tile-vertical=\"true\"\tdata-cycle-log=\"false\"\t><div class=\"cycloneslider-slide\" ><img decoding=\"async\" src=\"https:\/\/www.loiseaumonde.com\/wp-content\/uploads\/2017\/07\/Dromadaire-16-600x600.jpg\" alt=\"\" title=\"\" \/><\/div><div class=\"cycloneslider-slide\" ><img decoding=\"async\" src=\"https:\/\/www.loiseaumonde.com\/wp-content\/uploads\/2017\/07\/Dromadaire-57-600x600.jpg\" alt=\"\" title=\"\" \/><\/div><div class=\"cycloneslider-slide\" ><img decoding=\"async\" src=\"https:\/\/www.loiseaumonde.com\/wp-content\/uploads\/2017\/07\/Dromadaire-59-600x600.jpg\" alt=\"\" title=\"\" \/><\/div><\/div><div class=\"cycloneslider-pager\"><\/div><div class=\"cycloneslider-prev\">Prev<\/div><div class=\"cycloneslider-next\">Next<\/div><\/div><\/p>\n<p style=\"text-align: center;\"><span style=\"color: #ffffff;\">j<\/span><\/p>\n<h4 style=\"text-align: center;\" align=\"CENTER\"><b>Qui-quand-quoi-comment\u00a0?<\/b><\/h4>\n<p>&nbsp;<\/p>\n<p><b>Jeu\u00a0<\/b>: Benjamin Alison<\/p>\n<p><b>\u00c9criture et mise-en-sc\u00e8ne\u00a0<\/b>: Alexandra Lucchesi-Fr\u00e9bault<\/p>\n<p>Spectacle tout public et adaptable aux diff\u00e9rents espaces.<\/p>\n<p>Dur\u00e9e\u00a0: 50 minutes.<\/p>\n<p>Tarif\u00a0: Nous consulter.<\/p>\n<p>&nbsp;<\/p>\n<p style=\"text-align: center;\"><strong>Spectacle en tourn\u00e9e \u00e0 partir du 1er novembre 2016\u00a0!<\/strong><\/p>\n<p style=\"text-align: center;\"><span style=\"color: #993366;\"><a style=\"color: #993366;\" href=\"http:\/\/www.loiseaumonde.com\/wp-content\/uploads\/2016\/12\/Dossier-Diff-Avec-photo.pdf\">Lien dossier de diffusion\u00a0<\/a><\/span><\/p>\n","protected":false},"excerpt":{"rendered":"<p>j &nbsp; En quelques mots &nbsp; Ce seul en sc\u00e8ne \u2013 \u00e0 la distribution plurielle- est une fable sur la d\u00e9mocratie, qui l&#8217;\u00e9voque sans jamais la circonscrire vraiment. A quoi [&hellip;]<\/p>\n","protected":false},"author":1,"featured_media":0,"parent":0,"menu_order":0,"comment_status":"closed","ping_status":"closed","template":"","meta":{"footnotes":""},"class_list":["post-813","page","type-page","status-publish","hentry"],"_links":{"self":[{"href":"https:\/\/www.loiseaumonde.com\/en\/wp-json\/wp\/v2\/pages\/813","targetHints":{"allow":["GET"]}}],"collection":[{"href":"https:\/\/www.loiseaumonde.com\/en\/wp-json\/wp\/v2\/pages"}],"about":[{"href":"https:\/\/www.loiseaumonde.com\/en\/wp-json\/wp\/v2\/types\/page"}],"author":[{"embeddable":true,"href":"https:\/\/www.loiseaumonde.com\/en\/wp-json\/wp\/v2\/users\/1"}],"replies":[{"embeddable":true,"href":"https:\/\/www.loiseaumonde.com\/en\/wp-json\/wp\/v2\/comments?post=813"}],"version-history":[{"count":21,"href":"https:\/\/www.loiseaumonde.com\/en\/wp-json\/wp\/v2\/pages\/813\/revisions"}],"predecessor-version":[{"id":886,"href":"https:\/\/www.loiseaumonde.com\/en\/wp-json\/wp\/v2\/pages\/813\/revisions\/886"}],"wp:attachment":[{"href":"https:\/\/www.loiseaumonde.com\/en\/wp-json\/wp\/v2\/media?parent=813"}],"curies":[{"name":"wp","href":"https:\/\/api.w.org\/{rel}","templated":true}]}}